{"id":108,"date":"2020-07-07T11:25:46","date_gmt":"2020-07-07T11:25:46","guid":{"rendered":"https:\/\/mojo-unterwegs.ch\/?page_id=108"},"modified":"2020-08-07T17:18:13","modified_gmt":"2020-08-07T17:18:13","slug":"mojo-2","status":"publish","type":"page","link":"https:\/\/nyumbani.ch\/index.php\/mojo-2\/","title":{"rendered":"Bewohner"},"content":{"rendered":"\n<p class=\"has-drop-cap\">Seit ungef\u00e4hr 2006 sind wir beiden menschlichen Mitglieder des Rudels zusammen unterwegs. In verschiedenen Regionen des Landes aufgewachsen, lernten wir uns im Berner Oberland kennen, wo wir beide in der Winterzeit noch viel Zeit auf rutschigen Brettern verbrachten. <\/p>\n\n\n\n<p>Es folgten einige Jahre Stadtleben in Bern. Studieren und arbeiten, die Vorz\u00fcge der Stadt geniessen, Reisen mit dem Rucksack in ferne Kontinente. <\/p>\n\n\n\n<p>Irgendwann stand ein erster <a href=\"https:\/\/nyumbani.ch\/index.php\/2020\/07\/14\/ausbau\/\">VW Bus<\/a> vor der T\u00fcre und die bevorzugte Art zu reisen ver\u00e4nderte sich dadurch deutlich. Auf einer Reise nach Portugal lernten wir ein Paar kennen, das einen wundersch\u00f6nen Hund bei sich hatte und wie wir in einem Campingbus unterwegs war. Wieder zuhause, suchten wir nach Australian Shepherd-Zuchten, um uns etwas genauer mit dieser Hunderasse zu befassen. <\/p>\n\n\n\n<p>Wir blieben unserem Muster treu, denn &#8222;einfach nur mal schauen&#8220; hatte uns ja auch schon einen VW Bus beschert. So erg\u00e4nzte im Sommer 2016 Mojo unser Rudel und es wurde rasch klar, dass unser Aufenthalt in der Stadt nicht mehr lange dauern sollte.<\/p>\n\n\n\n<p>Zufall und Bauchgef\u00fchl wollten es, dass Wilderswil unser neues Zuhause wurde und wir verbrachten fast vier Jahre an einem wahrhaftig spannenden, sehr speziellen und wunderbar gelegenen Fleck im Saxettal. <\/p>\n\n\n\n<p>Obschon wir beide in unseren Jobs sehr gl\u00fccklich waren, versp\u00fcrten wir immer st\u00e4rker den Wunsch, einmal l\u00e4nger als nur wenige Wochen am St\u00fcck zusammen im Bus unterwegs zu sein, neue Horizonte zu entdecken und Neues zu erleben &#8211; frei im Kopf, ohne Zeitdruck, Verpflichtungen oder fixe Routen. Mit wenig Materiellem unterwegs und offen zu sein f\u00fcr neue Situationen und Begegnungen. Raum und Zeit zu haben f\u00fcr Interessen, die im normalen Alltag zu wenig Platz haben oder man sich nicht gen\u00fcgend Zeit daf\u00fcr nimmt.<\/p>\n\n\n\n<p>Wir haben diese Gedanken viele Monate mit uns herumgetragen und jetzt stimmt der Zeitpunkt f\u00fcr uns beide, das Bisherige loszulassen und aufzubrechen. Wir freuen uns sehr!<\/p>\n\n\n\n<p><\/p>\n","protected":false},"excerpt":{"rendered":"<p>Seit ungef\u00e4hr 2006 sind wir beiden menschlichen Mitglieder des Rudels zusammen unterwegs. In verschiedenen Regionen des Landes aufgewachsen, lernten wir uns im Berner Oberland kennen, wo wir beide in der Winterzeit noch viel Zeit auf rutschigen Brettern verbrachten. Es folgten&#8230; <a class=\"more-link\" href=\"https:\/\/nyumbani.ch\/index.php\/mojo-2\/\">Weiterlesen &rarr;<\/a><\/p>\n","protected":false},"author":1,"featured_media":414,"parent":0,"menu_order":0,"comment_status":"closed","ping_status":"closed","template":"","meta":{"footnotes":""},"class_list":["post-108","page","type-page","status-publish","has-post-thumbnail","hentry"],"_links":{"self":[{"href":"https:\/\/nyumbani.ch\/index.php\/wp-json\/wp\/v2\/pages\/108","targetHints":{"allow":["GET"]}}],"collection":[{"href":"https:\/\/nyumbani.ch\/index.php\/wp-json\/wp\/v2\/pages"}],"about":[{"href":"https:\/\/nyumbani.ch\/index.php\/wp-json\/wp\/v2\/types\/page"}],"author":[{"embeddable":true,"href":"https:\/\/nyumbani.ch\/index.php\/wp-json\/wp\/v2\/users\/1"}],"replies":[{"embeddable":true,"href":"https:\/\/nyumbani.ch\/index.php\/wp-json\/wp\/v2\/comments?post=108"}],"version-history":[{"count":13,"href":"https:\/\/nyumbani.ch\/index.php\/wp-json\/wp\/v2\/pages\/108\/revisions"}],"predecessor-version":[{"id":504,"href":"https:\/\/nyumbani.ch\/index.php\/wp-json\/wp\/v2\/pages\/108\/revisions\/504"}],"wp:featuredmedia":[{"embeddable":true,"href":"https:\/\/nyumbani.ch\/index.php\/wp-json\/wp\/v2\/media\/414"}],"wp:attachment":[{"href":"https:\/\/nyumbani.ch\/index.php\/wp-json\/wp\/v2\/media?parent=108"}],"curies":[{"name":"wp","href":"https:\/\/api.w.org\/{rel}","templated":true}]}}