{"id":1651,"date":"2021-08-09T07:33:12","date_gmt":"2021-08-09T07:33:12","guid":{"rendered":"https:\/\/nyumbani.ch\/?page_id=1651"},"modified":"2021-08-24T18:19:34","modified_gmt":"2021-08-24T18:19:34","slug":"norwegen","status":"publish","type":"page","link":"https:\/\/nyumbani.ch\/index.php\/norwegen\/","title":{"rendered":"Norwegen"},"content":{"rendered":"\n<p class=\"has-drop-cap\">Ende Juli \u00fcberquerten wir die Grenze zu Norwegen. Mojo hatte unter Aufsicht einer Tier\u00e4rztin eine Entwurmungstablette gemampft und letztere musste nun 24h wirken, um legal einreisen zu d\u00fcrfen. Nach einigen Kilometern in Norwegen wurden wir an einem unspektakul\u00e4ren Checkpoint angehalten und absolvierten einen Schnelltest. Die junge Frau im Schutzanzug erkl\u00e4rte, am Wochenende sei hier jeweils die H\u00f6lle los, weil alle Norweger Einkaufstouristen auf dem R\u00fcckweg bei ihr einen Test absolvieren m\u00fcssten. Wir hatten uns auf eine strenge Einreisekontrolle eingestellt. Test und Kontrolle geschahen jedoch schnell (war ja auch ein Schnelltest&#8230;), unkompliziert und erst noch gratis. Mojo&#8217;s Dokumente mussten wir auch nicht vorweisen. Das komplizierteste an dieser Einreise war ganz klar das vorg\u00e4ngige Ausf\u00fcllen des online-Formulars.<\/p>\n\n\n\n<figure class=\"wp-block-image size-large is-style-rounded\"><img loading=\"lazy\" decoding=\"async\" width=\"1024\" height=\"768\" src=\"https:\/\/nyumbani.ch\/wp-content\/uploads\/2021\/08\/IMG_20210731_120932-1024x768.jpg\" alt=\"\" class=\"wp-image-1672\" srcset=\"https:\/\/nyumbani.ch\/wp-content\/uploads\/2021\/08\/IMG_20210731_120932-1024x768.jpg 1024w, https:\/\/nyumbani.ch\/wp-content\/uploads\/2021\/08\/IMG_20210731_120932-300x225.jpg 300w, https:\/\/nyumbani.ch\/wp-content\/uploads\/2021\/08\/IMG_20210731_120932-768x576.jpg 768w, https:\/\/nyumbani.ch\/wp-content\/uploads\/2021\/08\/IMG_20210731_120932-1536x1152.jpg 1536w, https:\/\/nyumbani.ch\/wp-content\/uploads\/2021\/08\/IMG_20210731_120932-2048x1536.jpg 2048w, https:\/\/nyumbani.ch\/wp-content\/uploads\/2021\/08\/IMG_20210731_120932-600x450.jpg 600w, https:\/\/nyumbani.ch\/wp-content\/uploads\/2021\/08\/IMG_20210731_120932-945x709.jpg 945w\" sizes=\"auto, (max-width: 1024px) 100vw, 1024px\" \/><figcaption>Nasenabstrich in der Pampa Norwegens<\/figcaption><\/figure>\n\n\n\n<p>Ziemlich zeitgelich mit dem Landeswechsel wechselten nebst dem Wetter auch Topografie und das Level der zu befahrenen Strassen. Im Gegensatz zu Schweden ging es hier kurvig hoch und runter und man sp\u00fcrte sofort die N\u00e4he zum Atlantik, denn es war windig, k\u00fchl und nass. Passende Reisemusik waren da die Kl\u00e4nge der S\u00e4ngerin Kari Bremnes, welche auf den Lofoten aufgewachsen ist.<\/p>\n\n\n\n<figure class=\"wp-block-embed is-type-video is-provider-youtube wp-block-embed-youtube wp-embed-aspect-4-3 wp-has-aspect-ratio\"><div class=\"wp-block-embed__wrapper\">\n<iframe loading=\"lazy\" title=\"Kari Bremnes - E Du Nord? (Her\u00f8y - Helgeland)\" width=\"676\" height=\"507\" src=\"https:\/\/www.youtube.com\/embed\/kS4xw6CH_yc?feature=oembed\" frameborder=\"0\" allow=\"accelerometer; autoplay; clipboard-write; encrypted-media; gyroscope; picture-in-picture\" allowfullscreen><\/iframe>\n<\/div><\/figure>\n\n\n\n<p>Einige Tage verbrachten wir nahe Kjerring\u00f8y, etwas n\u00f6rdlich der Stadt Bod\u00f8. Hierhin verirren sich nur wenige ausl\u00e4ndische Touristen, was vermutlich mit der grossen Anziehungskraft der Lofoten zusammenh\u00e4ngt, welche wir zwischendurch mystisch und schemenhaft am Horizont erblickten. &#8222;Unsere&#8220; K\u00fcste war ebenfalls atemberaubend sch\u00f6n. Eingebettet zwischen steil aufragenden Felsw\u00e4nden und dem kraftvollen Meer genossen wir drei Tage ganz alleine auf einem kleinen, von den Einheimischen sch\u00f6n hergerichteten Stellplatz. Wir wanderten im Regen, genossen die Geborgenheit vor Wind und Wetter im Bus und \u00fcbten uns als Selbstversorger.<\/p>\n\n\n\n<figure class=\"wp-block-gallery columns-3 is-cropped wp-block-gallery-1 is-layout-flex wp-block-gallery-is-layout-flex\"><ul class=\"blocks-gallery-grid\"><li class=\"blocks-gallery-item\"><figure><img loading=\"lazy\" decoding=\"async\" width=\"768\" height=\"1024\" src=\"https:\/\/nyumbani.ch\/wp-content\/uploads\/2021\/08\/IMG_3275-768x1024.jpg\" alt=\"\" data-id=\"1676\" data-full-url=\"https:\/\/nyumbani.ch\/wp-content\/uploads\/2021\/08\/IMG_3275.jpg\" data-link=\"https:\/\/nyumbani.ch\/index.php\/norwegen\/img_3275\/\" class=\"wp-image-1676\" srcset=\"https:\/\/nyumbani.ch\/wp-content\/uploads\/2021\/08\/IMG_3275-768x1024.jpg 768w, https:\/\/nyumbani.ch\/wp-content\/uploads\/2021\/08\/IMG_3275-225x300.jpg 225w, https:\/\/nyumbani.ch\/wp-content\/uploads\/2021\/08\/IMG_3275-1152x1536.jpg 1152w, https:\/\/nyumbani.ch\/wp-content\/uploads\/2021\/08\/IMG_3275-1536x2048.jpg 1536w, https:\/\/nyumbani.ch\/wp-content\/uploads\/2021\/08\/IMG_3275-600x800.jpg 600w, https:\/\/nyumbani.ch\/wp-content\/uploads\/2021\/08\/IMG_3275-945x1260.jpg 945w, https:\/\/nyumbani.ch\/wp-content\/uploads\/2021\/08\/IMG_3275.jpg 1773w\" sizes=\"auto, (max-width: 768px) 100vw, 768px\" \/><\/figure><\/li><li class=\"blocks-gallery-item\"><figure><img loading=\"lazy\" decoding=\"async\" width=\"768\" height=\"1024\" src=\"https:\/\/nyumbani.ch\/wp-content\/uploads\/2021\/08\/IMG_20210804_1331022-768x1024.jpg\" alt=\"\" data-id=\"1678\" data-full-url=\"https:\/\/nyumbani.ch\/wp-content\/uploads\/2021\/08\/IMG_20210804_1331022.jpg\" data-link=\"https:\/\/nyumbani.ch\/index.php\/norwegen\/img_20210804_1331022\/\" class=\"wp-image-1678\" srcset=\"https:\/\/nyumbani.ch\/wp-content\/uploads\/2021\/08\/IMG_20210804_1331022-768x1024.jpg 768w, https:\/\/nyumbani.ch\/wp-content\/uploads\/2021\/08\/IMG_20210804_1331022-225x300.jpg 225w, https:\/\/nyumbani.ch\/wp-content\/uploads\/2021\/08\/IMG_20210804_1331022-1152x1536.jpg 1152w, https:\/\/nyumbani.ch\/wp-content\/uploads\/2021\/08\/IMG_20210804_1331022-1536x2048.jpg 1536w, https:\/\/nyumbani.ch\/wp-content\/uploads\/2021\/08\/IMG_20210804_1331022-600x800.jpg 600w, https:\/\/nyumbani.ch\/wp-content\/uploads\/2021\/08\/IMG_20210804_1331022-945x1260.jpg 945w, https:\/\/nyumbani.ch\/wp-content\/uploads\/2021\/08\/IMG_20210804_1331022.jpg 1773w\" sizes=\"auto, (max-width: 768px) 100vw, 768px\" \/><\/figure><\/li><li class=\"blocks-gallery-item\"><figure><img loading=\"lazy\" decoding=\"async\" width=\"1024\" height=\"768\" src=\"https:\/\/nyumbani.ch\/wp-content\/uploads\/2021\/08\/IMG_20210804_1441252-1024x768.jpg\" alt=\"\" data-id=\"1679\" data-full-url=\"https:\/\/nyumbani.ch\/wp-content\/uploads\/2021\/08\/IMG_20210804_1441252.jpg\" data-link=\"https:\/\/nyumbani.ch\/index.php\/norwegen\/img_20210804_1441252\/\" class=\"wp-image-1679\" srcset=\"https:\/\/nyumbani.ch\/wp-content\/uploads\/2021\/08\/IMG_20210804_1441252-1024x768.jpg 1024w, https:\/\/nyumbani.ch\/wp-content\/uploads\/2021\/08\/IMG_20210804_1441252-300x225.jpg 300w, https:\/\/nyumbani.ch\/wp-content\/uploads\/2021\/08\/IMG_20210804_1441252-768x576.jpg 768w, https:\/\/nyumbani.ch\/wp-content\/uploads\/2021\/08\/IMG_20210804_1441252-1536x1152.jpg 1536w, https:\/\/nyumbani.ch\/wp-content\/uploads\/2021\/08\/IMG_20210804_1441252-2048x1536.jpg 2048w, https:\/\/nyumbani.ch\/wp-content\/uploads\/2021\/08\/IMG_20210804_1441252-600x450.jpg 600w, https:\/\/nyumbani.ch\/wp-content\/uploads\/2021\/08\/IMG_20210804_1441252-945x709.jpg 945w\" sizes=\"auto, (max-width: 1024px) 100vw, 1024px\" \/><\/figure><\/li><li class=\"blocks-gallery-item\"><figure><img loading=\"lazy\" decoding=\"async\" width=\"1024\" height=\"768\" src=\"https:\/\/nyumbani.ch\/wp-content\/uploads\/2021\/08\/IMG_20210803_134023-1-1024x768.jpg\" alt=\"\" data-id=\"1677\" data-full-url=\"https:\/\/nyumbani.ch\/wp-content\/uploads\/2021\/08\/IMG_20210803_134023-1.jpg\" data-link=\"https:\/\/nyumbani.ch\/index.php\/norwegen\/img_20210803_134023-1\/\" class=\"wp-image-1677\" srcset=\"https:\/\/nyumbani.ch\/wp-content\/uploads\/2021\/08\/IMG_20210803_134023-1-1024x768.jpg 1024w, https:\/\/nyumbani.ch\/wp-content\/uploads\/2021\/08\/IMG_20210803_134023-1-300x225.jpg 300w, https:\/\/nyumbani.ch\/wp-content\/uploads\/2021\/08\/IMG_20210803_134023-1-768x576.jpg 768w, https:\/\/nyumbani.ch\/wp-content\/uploads\/2021\/08\/IMG_20210803_134023-1-1536x1152.jpg 1536w, https:\/\/nyumbani.ch\/wp-content\/uploads\/2021\/08\/IMG_20210803_134023-1-2048x1536.jpg 2048w, https:\/\/nyumbani.ch\/wp-content\/uploads\/2021\/08\/IMG_20210803_134023-1-600x450.jpg 600w, https:\/\/nyumbani.ch\/wp-content\/uploads\/2021\/08\/IMG_20210803_134023-1-945x709.jpg 945w\" sizes=\"auto, (max-width: 1024px) 100vw, 1024px\" \/><\/figure><\/li><\/ul><\/figure>\n\n\n\n<figure class=\"wp-block-gallery columns-2 is-cropped wp-block-gallery-2 is-layout-flex wp-block-gallery-is-layout-flex\"><ul class=\"blocks-gallery-grid\"><li class=\"blocks-gallery-item\"><figure><img loading=\"lazy\" decoding=\"async\" width=\"768\" height=\"1024\" src=\"https:\/\/nyumbani.ch\/wp-content\/uploads\/2021\/08\/IMG_3281-768x1024.jpg\" alt=\"\" data-id=\"1682\" data-full-url=\"https:\/\/nyumbani.ch\/wp-content\/uploads\/2021\/08\/IMG_3281.jpg\" data-link=\"https:\/\/nyumbani.ch\/index.php\/norwegen\/img_3281\/\" class=\"wp-image-1682\" srcset=\"https:\/\/nyumbani.ch\/wp-content\/uploads\/2021\/08\/IMG_3281-768x1024.jpg 768w, https:\/\/nyumbani.ch\/wp-content\/uploads\/2021\/08\/IMG_3281-225x300.jpg 225w, https:\/\/nyumbani.ch\/wp-content\/uploads\/2021\/08\/IMG_3281-1152x1536.jpg 1152w, https:\/\/nyumbani.ch\/wp-content\/uploads\/2021\/08\/IMG_3281-1536x2048.jpg 1536w, https:\/\/nyumbani.ch\/wp-content\/uploads\/2021\/08\/IMG_3281-600x800.jpg 600w, https:\/\/nyumbani.ch\/wp-content\/uploads\/2021\/08\/IMG_3281-945x1260.jpg 945w, https:\/\/nyumbani.ch\/wp-content\/uploads\/2021\/08\/IMG_3281.jpg 1773w\" sizes=\"auto, (max-width: 768px) 100vw, 768px\" \/><\/figure><\/li><li class=\"blocks-gallery-item\"><figure><img loading=\"lazy\" decoding=\"async\" width=\"1024\" height=\"1024\" src=\"https:\/\/nyumbani.ch\/wp-content\/uploads\/2021\/08\/IMG_3282-1024x1024.jpg\" alt=\"\" data-id=\"1683\" data-full-url=\"https:\/\/nyumbani.ch\/wp-content\/uploads\/2021\/08\/IMG_3282.jpg\" data-link=\"https:\/\/nyumbani.ch\/index.php\/norwegen\/img_3282\/\" class=\"wp-image-1683\" srcset=\"https:\/\/nyumbani.ch\/wp-content\/uploads\/2021\/08\/IMG_3282-1024x1024.jpg 1024w, https:\/\/nyumbani.ch\/wp-content\/uploads\/2021\/08\/IMG_3282-300x300.jpg 300w, https:\/\/nyumbani.ch\/wp-content\/uploads\/2021\/08\/IMG_3282-150x150.jpg 150w, https:\/\/nyumbani.ch\/wp-content\/uploads\/2021\/08\/IMG_3282-768x768.jpg 768w, https:\/\/nyumbani.ch\/wp-content\/uploads\/2021\/08\/IMG_3282-1536x1536.jpg 1536w, https:\/\/nyumbani.ch\/wp-content\/uploads\/2021\/08\/IMG_3282.jpg 2048w, https:\/\/nyumbani.ch\/wp-content\/uploads\/2021\/08\/IMG_3282-600x600.jpg 600w, https:\/\/nyumbani.ch\/wp-content\/uploads\/2021\/08\/IMG_3282-945x945.jpg 945w\" sizes=\"auto, (max-width: 1024px) 100vw, 1024px\" \/><\/figure><\/li><li class=\"blocks-gallery-item\"><figure><img loading=\"lazy\" decoding=\"async\" width=\"1024\" height=\"1024\" src=\"https:\/\/nyumbani.ch\/wp-content\/uploads\/2021\/08\/IMG_3287-1024x1024.jpg\" alt=\"\" data-id=\"1684\" data-full-url=\"https:\/\/nyumbani.ch\/wp-content\/uploads\/2021\/08\/IMG_3287-rotated.jpg\" data-link=\"https:\/\/nyumbani.ch\/index.php\/norwegen\/img_3287\/\" class=\"wp-image-1684\" srcset=\"https:\/\/nyumbani.ch\/wp-content\/uploads\/2021\/08\/IMG_3287-1024x1024.jpg 1024w, https:\/\/nyumbani.ch\/wp-content\/uploads\/2021\/08\/IMG_3287-300x300.jpg 300w, https:\/\/nyumbani.ch\/wp-content\/uploads\/2021\/08\/IMG_3287-150x150.jpg 150w, https:\/\/nyumbani.ch\/wp-content\/uploads\/2021\/08\/IMG_3287-768x768.jpg 768w, https:\/\/nyumbani.ch\/wp-content\/uploads\/2021\/08\/IMG_3287-1536x1536.jpg 1536w, https:\/\/nyumbani.ch\/wp-content\/uploads\/2021\/08\/IMG_3287-rotated.jpg 2048w, https:\/\/nyumbani.ch\/wp-content\/uploads\/2021\/08\/IMG_3287-600x600.jpg 600w, https:\/\/nyumbani.ch\/wp-content\/uploads\/2021\/08\/IMG_3287-945x945.jpg 945w\" sizes=\"auto, (max-width: 1024px) 100vw, 1024px\" \/><\/figure><\/li><li class=\"blocks-gallery-item\"><figure><img loading=\"lazy\" decoding=\"async\" width=\"1024\" height=\"768\" src=\"https:\/\/nyumbani.ch\/wp-content\/uploads\/2021\/08\/IMG_20210804_191723-1024x768.jpg\" alt=\"\" data-id=\"1685\" data-full-url=\"https:\/\/nyumbani.ch\/wp-content\/uploads\/2021\/08\/IMG_20210804_191723.jpg\" data-link=\"https:\/\/nyumbani.ch\/index.php\/norwegen\/img_20210804_191723\/\" class=\"wp-image-1685\" srcset=\"https:\/\/nyumbani.ch\/wp-content\/uploads\/2021\/08\/IMG_20210804_191723-1024x768.jpg 1024w, https:\/\/nyumbani.ch\/wp-content\/uploads\/2021\/08\/IMG_20210804_191723-300x225.jpg 300w, https:\/\/nyumbani.ch\/wp-content\/uploads\/2021\/08\/IMG_20210804_191723-768x576.jpg 768w, https:\/\/nyumbani.ch\/wp-content\/uploads\/2021\/08\/IMG_20210804_191723-1536x1152.jpg 1536w, https:\/\/nyumbani.ch\/wp-content\/uploads\/2021\/08\/IMG_20210804_191723-2048x1536.jpg 2048w, https:\/\/nyumbani.ch\/wp-content\/uploads\/2021\/08\/IMG_20210804_191723-600x450.jpg 600w, https:\/\/nyumbani.ch\/wp-content\/uploads\/2021\/08\/IMG_20210804_191723-945x709.jpg 945w\" sizes=\"auto, (max-width: 1024px) 100vw, 1024px\" \/><\/figure><\/li><\/ul><\/figure>\n\n\n\n<p>Der Wetterbericht versprach einige Tage gutes Wetter und so reihten wir uns am F\u00e4hrdock in Bod\u00f8 in die Kolonne der vielen Camper, Motorr\u00e4der und Wohnmobile ein. Einen der allerletzten Pl\u00e4tze ergatterten wir und wurden zur wohl <a href=\"https:\/\/nyumbani.ch\/index.php\/2021\/08\/09\/die-lofoten\/\" data-type=\"post\" data-id=\"1688\">popul\u00e4rsten Inselgruppe des Nordens gebracht: den Lofoten.<\/a><\/p>\n\n\n\n<hr class=\"wp-block-separator\"\/>\n\n\n\n<p>Nach vier Tagen auf den Lofoten brachte uns eine n\u00e4chste F\u00e4hre r\u00fcber auf die erste Insel der Vester\u00e5lengruppe. Was uns auf den Lofoten nicht verg\u00f6nnt war, wurde hier Tatsache: wir hatten einen Gipfel ganz f\u00fcr uns alleine! <\/p>\n\n\n\n<figure class=\"wp-block-gallery columns-2 is-cropped wp-block-gallery-3 is-layout-flex wp-block-gallery-is-layout-flex\"><ul class=\"blocks-gallery-grid\"><li class=\"blocks-gallery-item\"><figure><img loading=\"lazy\" decoding=\"async\" width=\"1024\" height=\"768\" src=\"https:\/\/nyumbani.ch\/wp-content\/uploads\/2021\/08\/IMG_3389-1024x768.jpg\" alt=\"\" data-id=\"1741\" data-full-url=\"https:\/\/nyumbani.ch\/wp-content\/uploads\/2021\/08\/IMG_3389.jpg\" data-link=\"https:\/\/nyumbani.ch\/index.php\/norwegen\/img_3389\/\" class=\"wp-image-1741\" srcset=\"https:\/\/nyumbani.ch\/wp-content\/uploads\/2021\/08\/IMG_3389-1024x768.jpg 1024w, https:\/\/nyumbani.ch\/wp-content\/uploads\/2021\/08\/IMG_3389-300x225.jpg 300w, https:\/\/nyumbani.ch\/wp-content\/uploads\/2021\/08\/IMG_3389-768x576.jpg 768w, https:\/\/nyumbani.ch\/wp-content\/uploads\/2021\/08\/IMG_3389-1536x1152.jpg 1536w, https:\/\/nyumbani.ch\/wp-content\/uploads\/2021\/08\/IMG_3389-2048x1536.jpg 2048w, https:\/\/nyumbani.ch\/wp-content\/uploads\/2021\/08\/IMG_3389-600x450.jpg 600w, https:\/\/nyumbani.ch\/wp-content\/uploads\/2021\/08\/IMG_3389-945x709.jpg 945w\" sizes=\"auto, (max-width: 1024px) 100vw, 1024px\" \/><\/figure><\/li><li class=\"blocks-gallery-item\"><figure><img loading=\"lazy\" decoding=\"async\" width=\"1024\" height=\"683\" src=\"https:\/\/nyumbani.ch\/wp-content\/uploads\/2021\/08\/DSC05384-1024x683.jpg\" alt=\"\" data-id=\"1740\" data-full-url=\"https:\/\/nyumbani.ch\/wp-content\/uploads\/2021\/08\/DSC05384.jpg\" data-link=\"https:\/\/nyumbani.ch\/index.php\/norwegen\/dsc05384\/\" class=\"wp-image-1740\" srcset=\"https:\/\/nyumbani.ch\/wp-content\/uploads\/2021\/08\/DSC05384-1024x683.jpg 1024w, https:\/\/nyumbani.ch\/wp-content\/uploads\/2021\/08\/DSC05384-300x200.jpg 300w, https:\/\/nyumbani.ch\/wp-content\/uploads\/2021\/08\/DSC05384-768x512.jpg 768w, https:\/\/nyumbani.ch\/wp-content\/uploads\/2021\/08\/DSC05384-1536x1024.jpg 1536w, https:\/\/nyumbani.ch\/wp-content\/uploads\/2021\/08\/DSC05384-2048x1365.jpg 2048w, https:\/\/nyumbani.ch\/wp-content\/uploads\/2021\/08\/DSC05384-600x400.jpg 600w, https:\/\/nyumbani.ch\/wp-content\/uploads\/2021\/08\/DSC05384-945x630.jpg 945w\" sizes=\"auto, (max-width: 1024px) 100vw, 1024px\" \/><\/figure><\/li><\/ul><figcaption class=\"blocks-gallery-caption\">#breathtakingview<\/figcaption><\/figure>\n\n\n\n<hr class=\"wp-block-separator is-style-dots\"\/>\n\n\n\n<p>Wir genossen, dass es schon sp\u00fcrbar weniger Andrang hatte als auf den Lofoten. F\u00fcr die <a href=\"https:\/\/nyumbani.ch\/index.php\/2021\/08\/12\/bei-den-pottwalen\/\" data-type=\"post\" data-id=\"1718\">Walsafari in Andenes<\/a> fanden sich dann aber doch etliche Touristen ein. Unser Boot war voll, ohne Corona w\u00e4re aber laut den Betreibern noch ein zweites Boot mit uns nach draussen gefahren. Und anstatt zwei Touren w\u00fcrden dann drei pro Tag stattfinden. <\/p>\n\n\n\n<hr class=\"wp-block-separator\"\/>\n\n\n\n<p><a href=\"https:\/\/nyumbani.ch\/index.php\/2021\/08\/19\/1751\/\" data-type=\"post\" data-id=\"1751\">Senja, die zweitgr\u00f6sste Insel Norwegens<\/a>, beherbergte uns w\u00e4hrend gut einer Woche. Wir nahmen uns die Zeit, nebst dem bekannteren Westen, auch die weniger besuchte, dem Festland zugewandte Seite zu besichtigen. Eine gute Idee, wie sich herausstellte.<\/p>\n\n\n\n<hr class=\"wp-block-separator\"\/>\n\n\n\n<p>Nachdem wir mehrere Wochen auf den Norwegischen Inseln herumgewandert waren, machten wir witterungsbedingt einen kleinen Sprung auf der Landkarte und fuhren bis zu unserem (bisher) n\u00f6rdlichsten Punkt. Nein, nicht ans Nordkap. In der weitl\u00e4ufigen<a href=\"https:\/\/nyumbani.ch\/index.php\/2021\/08\/24\/stabbursdalen-nat\/\" data-type=\"post\" data-id=\"1808\"> Finnmark<\/a> nahmen wir sch\u00f6ne Eindr\u00fccke mit, hatten aber auch einen \u00e4rgerlichen Zwischenfall, welcher unseren weiteren Reiseverlauf ziemlich beeinflussen k\u00f6nnte.<\/p>\n","protected":false},"excerpt":{"rendered":"<p>Ende Juli \u00fcberquerten wir die Grenze zu Norwegen. Mojo hatte unter Aufsicht einer Tier\u00e4rztin eine Entwurmungstablette gemampft und letztere musste nun 24h wirken, um legal einreisen zu d\u00fcrfen. Nach einigen Kilometern in Norwegen wurden wir an einem unspektakul\u00e4ren Checkpoint angehalten&#8230; <a class=\"more-link\" href=\"https:\/\/nyumbani.ch\/index.php\/norwegen\/\">Weiterlesen &rarr;<\/a><\/p>\n","protected":false},"author":1,"featured_media":0,"parent":0,"menu_order":0,"comment_status":"closed","ping_status":"closed","template":"","meta":{"footnotes":""},"class_list":["post-1651","page","type-page","status-publish","hentry"],"_links":{"self":[{"href":"https:\/\/nyumbani.ch\/index.php\/wp-json\/wp\/v2\/pages\/1651","targetHints":{"allow":["GET"]}}],"collection":[{"href":"https:\/\/nyumbani.ch\/index.php\/wp-json\/wp\/v2\/pages"}],"about":[{"href":"https:\/\/nyumbani.ch\/index.php\/wp-json\/wp\/v2\/types\/page"}],"author":[{"embeddable":true,"href":"https:\/\/nyumbani.ch\/index.php\/wp-json\/wp\/v2\/users\/1"}],"replies":[{"embeddable":true,"href":"https:\/\/nyumbani.ch\/index.php\/wp-json\/wp\/v2\/comments?post=1651"}],"version-history":[{"count":15,"href":"https:\/\/nyumbani.ch\/index.php\/wp-json\/wp\/v2\/pages\/1651\/revisions"}],"predecessor-version":[{"id":1836,"href":"https:\/\/nyumbani.ch\/index.php\/wp-json\/wp\/v2\/pages\/1651\/revisions\/1836"}],"wp:attachment":[{"href":"https:\/\/nyumbani.ch\/index.php\/wp-json\/wp\/v2\/media?parent=1651"}],"curies":[{"name":"wp","href":"https:\/\/api.w.org\/{rel}","templated":true}]}}