{"id":1797,"date":"2021-08-24T14:31:27","date_gmt":"2021-08-24T14:31:27","guid":{"rendered":"https:\/\/nyumbani.ch\/?page_id=1797"},"modified":"2021-09-19T12:43:02","modified_gmt":"2021-09-19T12:43:02","slug":"finnland","status":"publish","type":"page","link":"https:\/\/nyumbani.ch\/index.php\/finnland\/","title":{"rendered":"Finnland"},"content":{"rendered":"\n<p>Was ein l\u00e4ngerer Aufenthalt h\u00e4tte werden sollen &#8211; gerne w\u00e4ren wir durch unser drittes Skandinavisches Land Richtung Baltikum gereist &#8211; verkam zu einem Roadtrip von sehr kurzer Dauer. Grund daf\u00fcr war <a href=\"https:\/\/nyumbani.ch\/index.php\/2021\/09\/19\/kreuzbandriss-2\/\" data-type=\"post\" data-id=\"1845\">Mojos Verletzung<\/a>, die er sich kurz vor dem Grenz\u00fcbertritt Norwegen &#8211; Finnland zugezogen hatte. <\/p>\n\n\n\n<p>Finnland m\u00fcssen wir uns definitiv noch einmal genauer anschauen. Die paar Eindr\u00fccke, die wir dennoch mitnehmen konnten, machten uns neugierig auf mehr. Etwas verschrobene, kauzige Menschen begegneten uns w\u00e4hrend diesen drei Tagen. Die finnische Sprache ist f\u00fcr uns nat\u00fcrlich absolut unverst\u00e4ndlich und diese Tatsache gepaart mit der geographischen N\u00e4he zu Russland gaben uns das Gef\u00fchl, von wirklich ziemlich weit weg nun die Heimreise antreten zu m\u00fcssen. <\/p>\n","protected":false},"excerpt":{"rendered":"<p>Was ein l\u00e4ngerer Aufenthalt h\u00e4tte werden sollen &#8211; gerne w\u00e4ren wir durch unser drittes Skandinavisches Land Richtung Baltikum gereist &#8211; verkam zu einem Roadtrip von sehr kurzer Dauer. Grund daf\u00fcr war Mojos Verletzung, die er sich kurz vor dem Grenz\u00fcbertritt&#8230; <a class=\"more-link\" href=\"https:\/\/nyumbani.ch\/index.php\/finnland\/\">Weiterlesen &rarr;<\/a><\/p>\n","protected":false},"author":1,"featured_media":0,"parent":0,"menu_order":0,"comment_status":"closed","ping_status":"closed","template":"","meta":{"footnotes":""},"class_list":["post-1797","page","type-page","status-publish","hentry"],"_links":{"self":[{"href":"https:\/\/nyumbani.ch\/index.php\/wp-json\/wp\/v2\/pages\/1797","targetHints":{"allow":["GET"]}}],"collection":[{"href":"https:\/\/nyumbani.ch\/index.php\/wp-json\/wp\/v2\/pages"}],"about":[{"href":"https:\/\/nyumbani.ch\/index.php\/wp-json\/wp\/v2\/types\/page"}],"author":[{"embeddable":true,"href":"https:\/\/nyumbani.ch\/index.php\/wp-json\/wp\/v2\/users\/1"}],"replies":[{"embeddable":true,"href":"https:\/\/nyumbani.ch\/index.php\/wp-json\/wp\/v2\/comments?post=1797"}],"version-history":[{"count":5,"href":"https:\/\/nyumbani.ch\/index.php\/wp-json\/wp\/v2\/pages\/1797\/revisions"}],"predecessor-version":[{"id":1867,"href":"https:\/\/nyumbani.ch\/index.php\/wp-json\/wp\/v2\/pages\/1797\/revisions\/1867"}],"wp:attachment":[{"href":"https:\/\/nyumbani.ch\/index.php\/wp-json\/wp\/v2\/media?parent=1797"}],"curies":[{"name":"wp","href":"https:\/\/api.w.org\/{rel}","templated":true}]}}