{"id":1870,"date":"2021-10-18T09:32:53","date_gmt":"2021-10-18T09:32:53","guid":{"rendered":"https:\/\/nyumbani.ch\/?page_id=1870"},"modified":"2021-10-20T18:28:04","modified_gmt":"2021-10-20T18:28:04","slug":"ch-intermezzo-drei","status":"publish","type":"page","link":"https:\/\/nyumbani.ch\/index.php\/ch-intermezzo-drei\/","title":{"rendered":"CH Intermezzo drei"},"content":{"rendered":"\n<p>Mojos Kreuzband-OP am linken Bein verlief gut. So unangenehm es f\u00fcr uns alle war, wieder an diesem Punkt zu stehen, so positiv war der Vergleich zur ersten Operation im vergangenen Jahr. Wir hatten gelernt. Rebi und Nils wussten, was es bedeutet, einen frisch operierten Mojo zu Hause zu haben. Auch Mojo wusste seine erarbeiteten Strategien prima einzusetzen und er erholte sich relativ schnell von den Strapazen.<\/p>\n\n\n\n<p>Praktischerweise genossen wir im Berner Oberland in der ersten Phase der Reha traumhaftes Herbstwetter, was einerseits praktisch war im Bezug auf die Wunde am Bein, andererseits auch das &#8222;Warten auf bessere Zeiten&#8220; deutlich angenehmer machte.<\/p>\n\n\n\n<p>Als wir merkten, dass Mojo fit genug war, packten wir ihn wieder behutsam in seine Transportbox und fuhren los f\u00fcr erste kleine Ausfl\u00fcge in der Schweiz.<\/p>\n\n\n\n<figure class=\"wp-block-image size-large\"><img loading=\"lazy\" decoding=\"async\" width=\"1024\" height=\"768\" src=\"https:\/\/nyumbani.ch\/wp-content\/uploads\/2021\/10\/6a65bf55-8091-47dc-823f-fdced0eb8647-1024x768.jpg\" alt=\"\" class=\"wp-image-1885\" srcset=\"https:\/\/nyumbani.ch\/wp-content\/uploads\/2021\/10\/6a65bf55-8091-47dc-823f-fdced0eb8647-1024x768.jpg 1024w, https:\/\/nyumbani.ch\/wp-content\/uploads\/2021\/10\/6a65bf55-8091-47dc-823f-fdced0eb8647-300x225.jpg 300w, https:\/\/nyumbani.ch\/wp-content\/uploads\/2021\/10\/6a65bf55-8091-47dc-823f-fdced0eb8647-768x576.jpg 768w, https:\/\/nyumbani.ch\/wp-content\/uploads\/2021\/10\/6a65bf55-8091-47dc-823f-fdced0eb8647-1536x1152.jpg 1536w, https:\/\/nyumbani.ch\/wp-content\/uploads\/2021\/10\/6a65bf55-8091-47dc-823f-fdced0eb8647-600x450.jpg 600w, https:\/\/nyumbani.ch\/wp-content\/uploads\/2021\/10\/6a65bf55-8091-47dc-823f-fdced0eb8647-945x709.jpg 945w, https:\/\/nyumbani.ch\/wp-content\/uploads\/2021\/10\/6a65bf55-8091-47dc-823f-fdced0eb8647.jpg 1600w\" sizes=\"auto, (max-width: 1024px) 100vw, 1024px\" \/><figcaption>Warum in die Ferne schweifen? Skandinavien in Kandersteg<\/figcaption><\/figure>\n\n\n\n<hr class=\"wp-block-separator is-style-dots\"\/>\n\n\n\n<p>Wieder einmal entdeckten wir &#8211; unweit von uns schon bekannten Gegenden &#8211; Ecken und Facetten der Schweiz, die uns tolle Erlebnisse bescherten. <\/p>\n\n\n\n<figure class=\"wp-block-gallery columns-2 is-cropped wp-block-gallery-1 is-layout-flex wp-block-gallery-is-layout-flex\"><ul class=\"blocks-gallery-grid\"><li class=\"blocks-gallery-item\"><figure><img loading=\"lazy\" decoding=\"async\" width=\"1024\" height=\"768\" src=\"https:\/\/nyumbani.ch\/wp-content\/uploads\/2021\/10\/IMG_3950-1024x768.jpg\" alt=\"\" data-id=\"1887\" data-full-url=\"https:\/\/nyumbani.ch\/wp-content\/uploads\/2021\/10\/IMG_3950.jpg\" data-link=\"https:\/\/nyumbani.ch\/index.php\/ch-intermezzo-drei\/img_3950\/\" class=\"wp-image-1887\" srcset=\"https:\/\/nyumbani.ch\/wp-content\/uploads\/2021\/10\/IMG_3950-1024x768.jpg 1024w, https:\/\/nyumbani.ch\/wp-content\/uploads\/2021\/10\/IMG_3950-300x225.jpg 300w, https:\/\/nyumbani.ch\/wp-content\/uploads\/2021\/10\/IMG_3950-768x576.jpg 768w, https:\/\/nyumbani.ch\/wp-content\/uploads\/2021\/10\/IMG_3950-1536x1152.jpg 1536w, https:\/\/nyumbani.ch\/wp-content\/uploads\/2021\/10\/IMG_3950-2048x1536.jpg 2048w, https:\/\/nyumbani.ch\/wp-content\/uploads\/2021\/10\/IMG_3950-600x450.jpg 600w, https:\/\/nyumbani.ch\/wp-content\/uploads\/2021\/10\/IMG_3950-945x709.jpg 945w\" sizes=\"auto, (max-width: 1024px) 100vw, 1024px\" \/><\/figure><\/li><li class=\"blocks-gallery-item\"><figure><img loading=\"lazy\" decoding=\"async\" width=\"1024\" height=\"768\" src=\"https:\/\/nyumbani.ch\/wp-content\/uploads\/2021\/10\/IMG_20210929_1045112-1024x768.jpg\" alt=\"\" data-id=\"1888\" data-full-url=\"https:\/\/nyumbani.ch\/wp-content\/uploads\/2021\/10\/IMG_20210929_1045112.jpg\" data-link=\"https:\/\/nyumbani.ch\/index.php\/ch-intermezzo-drei\/img_20210929_1045112\/\" class=\"wp-image-1888\" srcset=\"https:\/\/nyumbani.ch\/wp-content\/uploads\/2021\/10\/IMG_20210929_1045112-1024x768.jpg 1024w, https:\/\/nyumbani.ch\/wp-content\/uploads\/2021\/10\/IMG_20210929_1045112-300x225.jpg 300w, https:\/\/nyumbani.ch\/wp-content\/uploads\/2021\/10\/IMG_20210929_1045112-768x576.jpg 768w, https:\/\/nyumbani.ch\/wp-content\/uploads\/2021\/10\/IMG_20210929_1045112-1536x1152.jpg 1536w, https:\/\/nyumbani.ch\/wp-content\/uploads\/2021\/10\/IMG_20210929_1045112-2048x1536.jpg 2048w, https:\/\/nyumbani.ch\/wp-content\/uploads\/2021\/10\/IMG_20210929_1045112-600x450.jpg 600w, https:\/\/nyumbani.ch\/wp-content\/uploads\/2021\/10\/IMG_20210929_1045112-945x709.jpg 945w\" sizes=\"auto, (max-width: 1024px) 100vw, 1024px\" \/><\/figure><\/li><li class=\"blocks-gallery-item\"><figure><img loading=\"lazy\" decoding=\"async\" width=\"1024\" height=\"337\" src=\"https:\/\/nyumbani.ch\/wp-content\/uploads\/2021\/10\/IMG_3941-1024x337.jpg\" alt=\"\" data-id=\"1886\" data-full-url=\"https:\/\/nyumbani.ch\/wp-content\/uploads\/2021\/10\/IMG_3941-scaled.jpg\" data-link=\"https:\/\/nyumbani.ch\/index.php\/ch-intermezzo-drei\/img_3941\/\" class=\"wp-image-1886\" srcset=\"https:\/\/nyumbani.ch\/wp-content\/uploads\/2021\/10\/IMG_3941-1024x337.jpg 1024w, https:\/\/nyumbani.ch\/wp-content\/uploads\/2021\/10\/IMG_3941-300x99.jpg 300w, https:\/\/nyumbani.ch\/wp-content\/uploads\/2021\/10\/IMG_3941-768x253.jpg 768w, https:\/\/nyumbani.ch\/wp-content\/uploads\/2021\/10\/IMG_3941-1536x506.jpg 1536w, https:\/\/nyumbani.ch\/wp-content\/uploads\/2021\/10\/IMG_3941-2048x674.jpg 2048w, https:\/\/nyumbani.ch\/wp-content\/uploads\/2021\/10\/IMG_3941-600x198.jpg 600w, https:\/\/nyumbani.ch\/wp-content\/uploads\/2021\/10\/IMG_3941-945x311.jpg 945w\" sizes=\"auto, (max-width: 1024px) 100vw, 1024px\" \/><\/figure><\/li><\/ul><figcaption class=\"blocks-gallery-caption\">Unsere Entdeckung im Mittelland<\/figcaption><\/figure>\n\n\n\n<hr class=\"wp-block-separator is-style-dots\"\/>\n\n\n\n<p>Nebst Reisen und geniessen in der Schweiz warteten auch einige organisatorische Dinge auf uns. In unserer Homebase sortierten wir einige Dinge aus und stellten neue hinein. Ausger\u00e4umt haben wir das Lager jedoch noch nicht, denn wir waren fest entschlossen, noch einmal loszuziehen.<\/p>\n\n\n\n<p>In der Zeit bis dahin genossen wir es sehr, dass wir den Schritt zur\u00fcck in den &#8222;Alltag&#8220; noch nicht machen mussten. Noch nicht wieder den (mehr oder weniger sanften) Druck des durchgetakteten Lebens im R\u00fccken sp\u00fcren zu m\u00fcssen. Sich nicht f\u00fcr etwas Zeit nehmen zu m\u00fcssen, sondern die Zeit schon zu haben. <\/p>\n\n\n\n<figure class=\"wp-block-image size-large\"><img loading=\"lazy\" decoding=\"async\" width=\"1024\" height=\"768\" src=\"https:\/\/nyumbani.ch\/wp-content\/uploads\/2021\/10\/7c36245e-adee-4f47-824b-dbcd1e4bd50f-1024x768.jpg\" alt=\"\" class=\"wp-image-1890\" srcset=\"https:\/\/nyumbani.ch\/wp-content\/uploads\/2021\/10\/7c36245e-adee-4f47-824b-dbcd1e4bd50f-1024x768.jpg 1024w, https:\/\/nyumbani.ch\/wp-content\/uploads\/2021\/10\/7c36245e-adee-4f47-824b-dbcd1e4bd50f-300x225.jpg 300w, https:\/\/nyumbani.ch\/wp-content\/uploads\/2021\/10\/7c36245e-adee-4f47-824b-dbcd1e4bd50f-768x576.jpg 768w, https:\/\/nyumbani.ch\/wp-content\/uploads\/2021\/10\/7c36245e-adee-4f47-824b-dbcd1e4bd50f-1536x1152.jpg 1536w, https:\/\/nyumbani.ch\/wp-content\/uploads\/2021\/10\/7c36245e-adee-4f47-824b-dbcd1e4bd50f-600x450.jpg 600w, https:\/\/nyumbani.ch\/wp-content\/uploads\/2021\/10\/7c36245e-adee-4f47-824b-dbcd1e4bd50f-945x709.jpg 945w, https:\/\/nyumbani.ch\/wp-content\/uploads\/2021\/10\/7c36245e-adee-4f47-824b-dbcd1e4bd50f.jpg 2000w\" sizes=\"auto, (max-width: 1024px) 100vw, 1024px\" \/><figcaption>Geht auch: Campen auf der Baustelle<\/figcaption><\/figure>\n","protected":false},"excerpt":{"rendered":"<p>Mojos Kreuzband-OP am linken Bein verlief gut. So unangenehm es f\u00fcr uns alle war, wieder an diesem Punkt zu stehen, so positiv war der Vergleich zur ersten Operation im vergangenen Jahr. Wir hatten gelernt. Rebi und Nils wussten, was es&#8230; <a class=\"more-link\" href=\"https:\/\/nyumbani.ch\/index.php\/ch-intermezzo-drei\/\">Weiterlesen &rarr;<\/a><\/p>\n","protected":false},"author":1,"featured_media":0,"parent":0,"menu_order":0,"comment_status":"closed","ping_status":"closed","template":"","meta":{"footnotes":""},"class_list":["post-1870","page","type-page","status-publish","hentry"],"_links":{"self":[{"href":"https:\/\/nyumbani.ch\/index.php\/wp-json\/wp\/v2\/pages\/1870","targetHints":{"allow":["GET"]}}],"collection":[{"href":"https:\/\/nyumbani.ch\/index.php\/wp-json\/wp\/v2\/pages"}],"about":[{"href":"https:\/\/nyumbani.ch\/index.php\/wp-json\/wp\/v2\/types\/page"}],"author":[{"embeddable":true,"href":"https:\/\/nyumbani.ch\/index.php\/wp-json\/wp\/v2\/users\/1"}],"replies":[{"embeddable":true,"href":"https:\/\/nyumbani.ch\/index.php\/wp-json\/wp\/v2\/comments?post=1870"}],"version-history":[{"count":3,"href":"https:\/\/nyumbani.ch\/index.php\/wp-json\/wp\/v2\/pages\/1870\/revisions"}],"predecessor-version":[{"id":1891,"href":"https:\/\/nyumbani.ch\/index.php\/wp-json\/wp\/v2\/pages\/1870\/revisions\/1891"}],"wp:attachment":[{"href":"https:\/\/nyumbani.ch\/index.php\/wp-json\/wp\/v2\/media?parent=1870"}],"curies":[{"name":"wp","href":"https:\/\/api.w.org\/{rel}","templated":true}]}}