{"id":1872,"date":"2021-10-18T09:32:53","date_gmt":"2021-10-18T09:32:53","guid":{"rendered":"https:\/\/nyumbani.ch\/?page_id=1872"},"modified":"2021-10-22T14:34:29","modified_gmt":"2021-10-22T14:34:29","slug":"italien","status":"publish","type":"page","link":"https:\/\/nyumbani.ch\/index.php\/italien\/","title":{"rendered":"Italien"},"content":{"rendered":"\n<p>Einen Monat nach dem Eingriff bedeutete ein Foto in Schwarz und Weiss f\u00fcr uns Gr\u00fcn. Die R\u00f6ntgenkontrolle war gut, wir konnten wieder losrollen!<\/p>\n\n\n\n<p>Dieses Mal verliessen wir die Schweiz ganz im Osten und fuhren durch das Val M\u00fcstair ins <a href=\"https:\/\/nyumbani.ch\/index.php\/2021\/10\/22\/suedtirol\/\" data-type=\"post\" data-id=\"1908\">S\u00fcdtirol<\/a>.<\/p>\n\n\n\n<div class=\"wp-block-image is-style-rounded\"><figure class=\"aligncenter size-large is-resized\"><img loading=\"lazy\" decoding=\"async\" src=\"https:\/\/nyumbani.ch\/wp-content\/uploads\/2021\/10\/IMG_4026-768x1024.jpg\" alt=\"\" class=\"wp-image-1905\" width=\"576\" height=\"768\" srcset=\"https:\/\/nyumbani.ch\/wp-content\/uploads\/2021\/10\/IMG_4026-768x1024.jpg 768w, https:\/\/nyumbani.ch\/wp-content\/uploads\/2021\/10\/IMG_4026-225x300.jpg 225w, https:\/\/nyumbani.ch\/wp-content\/uploads\/2021\/10\/IMG_4026-1152x1536.jpg 1152w, https:\/\/nyumbani.ch\/wp-content\/uploads\/2021\/10\/IMG_4026-1536x2048.jpg 1536w, https:\/\/nyumbani.ch\/wp-content\/uploads\/2021\/10\/IMG_4026-600x800.jpg 600w, https:\/\/nyumbani.ch\/wp-content\/uploads\/2021\/10\/IMG_4026-945x1260.jpg 945w, https:\/\/nyumbani.ch\/wp-content\/uploads\/2021\/10\/IMG_4026.jpg 1773w\" sizes=\"auto, (max-width: 576px) 100vw, 576px\" \/><\/figure><\/div>\n","protected":false},"excerpt":{"rendered":"<p>Einen Monat nach dem Eingriff bedeutete ein Foto in Schwarz und Weiss f\u00fcr uns Gr\u00fcn. Die R\u00f6ntgenkontrolle war gut, wir konnten wieder losrollen! Dieses Mal verliessen wir die Schweiz ganz im Osten und fuhren durch das Val M\u00fcstair ins S\u00fcdtirol.<\/p>\n","protected":false},"author":1,"featured_media":0,"parent":0,"menu_order":0,"comment_status":"closed","ping_status":"closed","template":"","meta":{"footnotes":""},"class_list":["post-1872","page","type-page","status-publish","hentry"],"_links":{"self":[{"href":"https:\/\/nyumbani.ch\/index.php\/wp-json\/wp\/v2\/pages\/1872","targetHints":{"allow":["GET"]}}],"collection":[{"href":"https:\/\/nyumbani.ch\/index.php\/wp-json\/wp\/v2\/pages"}],"about":[{"href":"https:\/\/nyumbani.ch\/index.php\/wp-json\/wp\/v2\/types\/page"}],"author":[{"embeddable":true,"href":"https:\/\/nyumbani.ch\/index.php\/wp-json\/wp\/v2\/users\/1"}],"replies":[{"embeddable":true,"href":"https:\/\/nyumbani.ch\/index.php\/wp-json\/wp\/v2\/comments?post=1872"}],"version-history":[{"count":3,"href":"https:\/\/nyumbani.ch\/index.php\/wp-json\/wp\/v2\/pages\/1872\/revisions"}],"predecessor-version":[{"id":1925,"href":"https:\/\/nyumbani.ch\/index.php\/wp-json\/wp\/v2\/pages\/1872\/revisions\/1925"}],"wp:attachment":[{"href":"https:\/\/nyumbani.ch\/index.php\/wp-json\/wp\/v2\/media?parent=1872"}],"curies":[{"name":"wp","href":"https:\/\/api.w.org\/{rel}","templated":true}]}}