{"id":2042,"date":"2022-06-12T20:09:34","date_gmt":"2022-06-12T20:09:34","guid":{"rendered":"https:\/\/nyumbani.ch\/?page_id=2042"},"modified":"2022-06-12T20:52:39","modified_gmt":"2022-06-12T20:52:39","slug":"ch-intermezzo-iv","status":"publish","type":"page","link":"https:\/\/nyumbani.ch\/index.php\/ch-intermezzo-iv\/","title":{"rendered":"CH Intermezzo IV"},"content":{"rendered":"\n<p>W\u00e4hrend der Reise durch Slowenien und Kroatien konnten wir mit Mojo nur kleinere Touren unternehmen. Wir hatten uns erhofft, dass seine Form sich verbessern w\u00fcrde und wir nach und nach l\u00e4ngere und anspruchsvollere Runden w\u00fcrden unternehmen k\u00f6nnen. Dies war leider nicht der Fall. Wir vermuteten, dass eventuell das deutlich sp\u00fcrbare Metall der Grund daf\u00fcr sein k\u00f6nnte, denn ansonsten schien das Knie in Ordnung zu sein.<\/p>\n\n\n\n<p>Etwa zeitgleich mit unserem Entschluss ergab sich die M\u00f6glichkeit, eine tolle kleine Wohnung auf dem B\u00f6deli zu mieten &#8211; wieder mal ein gut getimter Zufall.<\/p>\n\n\n\n<p>Mojo wurde tier\u00e4rztlich vom Metall befreit und siehe da &#8211; unsere Vermutung schien sich zu bewahrheiten. Von nun an zeigte seine Formkurve steil nach oben und schon nach kurzer Zeit zeigte er wieder Moves, die er uns gut zwei Jahre vorenthalten hatte. Was f\u00fcr ein erfreulicher Anblick!<\/p>\n\n\n\n<p>Nebst der tollen Wohnung fanden wir beide auch ideale Jobs und machten Stellvertretungen in der Region Interlaken.<\/p>\n\n\n\n<p>Nach vielen Monaten improvisieren mit allen Vor- und Nachteilen genossen wir die Vorz\u00fcge von etwas geregelteren Tagesabl\u00e4ufen. Zugleich konnten wir wieder etwas ins Reisek\u00e4sseli legen, denn der Wunsch nach einer weiteren Runde on the road war nach wie vor in uns. <\/p>\n\n\n\n<figure class=\"wp-block-gallery has-nested-images columns-default is-cropped wp-block-gallery-1 is-layout-flex wp-block-gallery-is-layout-flex\">\n<figure class=\"wp-block-image size-large\"><img loading=\"lazy\" decoding=\"async\" width=\"1024\" height=\"768\" data-id=\"2065\" src=\"https:\/\/nyumbani.ch\/wp-content\/uploads\/2022\/06\/4546b2de-5244-4808-9f6f-b64da183978c-1024x768.jpg\" alt=\"\" class=\"wp-image-2065\" srcset=\"https:\/\/nyumbani.ch\/wp-content\/uploads\/2022\/06\/4546b2de-5244-4808-9f6f-b64da183978c-1024x768.jpg 1024w, https:\/\/nyumbani.ch\/wp-content\/uploads\/2022\/06\/4546b2de-5244-4808-9f6f-b64da183978c-300x225.jpg 300w, https:\/\/nyumbani.ch\/wp-content\/uploads\/2022\/06\/4546b2de-5244-4808-9f6f-b64da183978c-768x576.jpg 768w, https:\/\/nyumbani.ch\/wp-content\/uploads\/2022\/06\/4546b2de-5244-4808-9f6f-b64da183978c-1536x1152.jpg 1536w, https:\/\/nyumbani.ch\/wp-content\/uploads\/2022\/06\/4546b2de-5244-4808-9f6f-b64da183978c-600x450.jpg 600w, https:\/\/nyumbani.ch\/wp-content\/uploads\/2022\/06\/4546b2de-5244-4808-9f6f-b64da183978c-945x709.jpg 945w, https:\/\/nyumbani.ch\/wp-content\/uploads\/2022\/06\/4546b2de-5244-4808-9f6f-b64da183978c.jpg 2000w\" sizes=\"auto, (max-width: 1024px) 100vw, 1024px\" \/><\/figure>\n\n\n\n<figure class=\"wp-block-image size-large\"><img loading=\"lazy\" decoding=\"async\" width=\"1024\" height=\"768\" data-id=\"2066\" src=\"https:\/\/nyumbani.ch\/wp-content\/uploads\/2022\/06\/1ecea176-899e-44ed-9659-b3ed76b0861c-1024x768.jpg\" alt=\"\" class=\"wp-image-2066\" srcset=\"https:\/\/nyumbani.ch\/wp-content\/uploads\/2022\/06\/1ecea176-899e-44ed-9659-b3ed76b0861c-1024x768.jpg 1024w, https:\/\/nyumbani.ch\/wp-content\/uploads\/2022\/06\/1ecea176-899e-44ed-9659-b3ed76b0861c-300x225.jpg 300w, https:\/\/nyumbani.ch\/wp-content\/uploads\/2022\/06\/1ecea176-899e-44ed-9659-b3ed76b0861c-768x576.jpg 768w, https:\/\/nyumbani.ch\/wp-content\/uploads\/2022\/06\/1ecea176-899e-44ed-9659-b3ed76b0861c-1536x1152.jpg 1536w, https:\/\/nyumbani.ch\/wp-content\/uploads\/2022\/06\/1ecea176-899e-44ed-9659-b3ed76b0861c-600x450.jpg 600w, https:\/\/nyumbani.ch\/wp-content\/uploads\/2022\/06\/1ecea176-899e-44ed-9659-b3ed76b0861c-945x709.jpg 945w, https:\/\/nyumbani.ch\/wp-content\/uploads\/2022\/06\/1ecea176-899e-44ed-9659-b3ed76b0861c.jpg 2000w\" sizes=\"auto, (max-width: 1024px) 100vw, 1024px\" \/><\/figure>\n<figcaption class=\"blocks-gallery-caption\">Einzug &#8211; nach Monaten im Bus f\u00fchlt sich jeder Raum riesig an!<\/figcaption><\/figure>\n","protected":false},"excerpt":{"rendered":"<p>W\u00e4hrend der Reise durch Slowenien und Kroatien konnten wir mit Mojo nur kleinere Touren unternehmen. Wir hatten uns erhofft, dass seine Form sich verbessern w\u00fcrde und wir nach und nach l\u00e4ngere und anspruchsvollere Runden w\u00fcrden unternehmen k\u00f6nnen. Dies war leider&#8230; <a class=\"more-link\" href=\"https:\/\/nyumbani.ch\/index.php\/ch-intermezzo-iv\/\">Weiterlesen &rarr;<\/a><\/p>\n","protected":false},"author":1,"featured_media":0,"parent":0,"menu_order":0,"comment_status":"closed","ping_status":"closed","template":"","meta":{"footnotes":""},"class_list":["post-2042","page","type-page","status-publish","hentry"],"_links":{"self":[{"href":"https:\/\/nyumbani.ch\/index.php\/wp-json\/wp\/v2\/pages\/2042","targetHints":{"allow":["GET"]}}],"collection":[{"href":"https:\/\/nyumbani.ch\/index.php\/wp-json\/wp\/v2\/pages"}],"about":[{"href":"https:\/\/nyumbani.ch\/index.php\/wp-json\/wp\/v2\/types\/page"}],"author":[{"embeddable":true,"href":"https:\/\/nyumbani.ch\/index.php\/wp-json\/wp\/v2\/users\/1"}],"replies":[{"embeddable":true,"href":"https:\/\/nyumbani.ch\/index.php\/wp-json\/wp\/v2\/comments?post=2042"}],"version-history":[{"count":3,"href":"https:\/\/nyumbani.ch\/index.php\/wp-json\/wp\/v2\/pages\/2042\/revisions"}],"predecessor-version":[{"id":2067,"href":"https:\/\/nyumbani.ch\/index.php\/wp-json\/wp\/v2\/pages\/2042\/revisions\/2067"}],"wp:attachment":[{"href":"https:\/\/nyumbani.ch\/index.php\/wp-json\/wp\/v2\/media?parent=2042"}],"curies":[{"name":"wp","href":"https:\/\/api.w.org\/{rel}","templated":true}]}}