{"id":2047,"date":"2022-06-12T20:16:41","date_gmt":"2022-06-12T20:16:41","guid":{"rendered":"https:\/\/nyumbani.ch\/?page_id=2047"},"modified":"2022-07-12T21:20:08","modified_gmt":"2022-07-12T21:20:08","slug":"schottland","status":"publish","type":"page","link":"https:\/\/nyumbani.ch\/index.php\/schottland\/","title":{"rendered":"Schottland"},"content":{"rendered":"\n<p>Schottland begr\u00fcsste uns freundlich. Nach \u00dcberqueren der Grenze bogen wir links ab und folgten der K\u00fcste entlang dem Solway Firth. Vor dem Caf\u00e9 der Crarae Gardens &#8211; einem Park, in dem Pflanzen aus der Himalayaregion gedeihen &#8211; liessen wir uns in die bequemen St\u00fchle zur\u00fccksinken und genossen die warmen Fr\u00fchsommer-Sonnenstrahlen. Wir gingen eigentlich davon aus, dass die Sommermode f\u00fcr eine Weile ganz hinten im Kleiderfach bleiben w\u00fcrde. Als am n\u00e4chsten Tag jedoch die Sonne von einem strahlend blauen Himmel schien und wir in einem kleinen Hafen freundlich zum bleiben eingeladen wurden, war definitiv die Zeit gekommen, um der schottischen Sonne unsere bleiche Haut entgegenzuhalten. Der Hafenmeister schmunzelte und meinte, wir sollen es ruhig geniessen &#8211; es gebe in der Regel in seinem Land zwei solche Tage pro Sommer!<\/p>\n\n\n\n<figure class=\"wp-block-image size-large\"><img loading=\"lazy\" decoding=\"async\" width=\"1024\" height=\"334\" src=\"https:\/\/nyumbani.ch\/wp-content\/uploads\/2022\/06\/b0814736-5f34-4aaa-9dda-3e5b6d7f4b7a-1-1024x334.jpg\" alt=\"\" class=\"wp-image-2149\" srcset=\"https:\/\/nyumbani.ch\/wp-content\/uploads\/2022\/06\/b0814736-5f34-4aaa-9dda-3e5b6d7f4b7a-1-1024x334.jpg 1024w, https:\/\/nyumbani.ch\/wp-content\/uploads\/2022\/06\/b0814736-5f34-4aaa-9dda-3e5b6d7f4b7a-1-300x98.jpg 300w, https:\/\/nyumbani.ch\/wp-content\/uploads\/2022\/06\/b0814736-5f34-4aaa-9dda-3e5b6d7f4b7a-1-768x251.jpg 768w, https:\/\/nyumbani.ch\/wp-content\/uploads\/2022\/06\/b0814736-5f34-4aaa-9dda-3e5b6d7f4b7a-1-1536x501.jpg 1536w, https:\/\/nyumbani.ch\/wp-content\/uploads\/2022\/06\/b0814736-5f34-4aaa-9dda-3e5b6d7f4b7a-1-600x196.jpg 600w, https:\/\/nyumbani.ch\/wp-content\/uploads\/2022\/06\/b0814736-5f34-4aaa-9dda-3e5b6d7f4b7a-1-945x308.jpg 945w, https:\/\/nyumbani.ch\/wp-content\/uploads\/2022\/06\/b0814736-5f34-4aaa-9dda-3e5b6d7f4b7a-1.jpg 2048w\" sizes=\"auto, (max-width: 1024px) 100vw, 1024px\" \/><figcaption>einer der zwei j\u00e4hrlichen Sommertage in Schottland<\/figcaption><\/figure>\n\n\n\n<figure class=\"wp-block-gallery has-nested-images columns-2 is-cropped wp-block-gallery-1 is-layout-flex wp-block-gallery-is-layout-flex\">\n<figure class=\"wp-block-image size-large\"><img loading=\"lazy\" decoding=\"async\" width=\"1024\" height=\"683\" data-id=\"2151\" src=\"https:\/\/nyumbani.ch\/wp-content\/uploads\/2022\/06\/DSC05989-1024x683.jpg\" alt=\"\" class=\"wp-image-2151\" srcset=\"https:\/\/nyumbani.ch\/wp-content\/uploads\/2022\/06\/DSC05989-1024x683.jpg 1024w, https:\/\/nyumbani.ch\/wp-content\/uploads\/2022\/06\/DSC05989-300x200.jpg 300w, https:\/\/nyumbani.ch\/wp-content\/uploads\/2022\/06\/DSC05989-768x512.jpg 768w, https:\/\/nyumbani.ch\/wp-content\/uploads\/2022\/06\/DSC05989-1536x1024.jpg 1536w, https:\/\/nyumbani.ch\/wp-content\/uploads\/2022\/06\/DSC05989-2048x1365.jpg 2048w, https:\/\/nyumbani.ch\/wp-content\/uploads\/2022\/06\/DSC05989-600x400.jpg 600w, https:\/\/nyumbani.ch\/wp-content\/uploads\/2022\/06\/DSC05989-945x630.jpg 945w\" sizes=\"auto, (max-width: 1024px) 100vw, 1024px\" \/><\/figure>\n\n\n\n<figure class=\"wp-block-image size-large\"><img loading=\"lazy\" decoding=\"async\" width=\"1024\" height=\"683\" data-id=\"2150\" src=\"https:\/\/nyumbani.ch\/wp-content\/uploads\/2022\/06\/DSC05990-1024x683.jpg\" alt=\"\" class=\"wp-image-2150\" srcset=\"https:\/\/nyumbani.ch\/wp-content\/uploads\/2022\/06\/DSC05990-1024x683.jpg 1024w, https:\/\/nyumbani.ch\/wp-content\/uploads\/2022\/06\/DSC05990-300x200.jpg 300w, https:\/\/nyumbani.ch\/wp-content\/uploads\/2022\/06\/DSC05990-768x512.jpg 768w, https:\/\/nyumbani.ch\/wp-content\/uploads\/2022\/06\/DSC05990-1536x1024.jpg 1536w, https:\/\/nyumbani.ch\/wp-content\/uploads\/2022\/06\/DSC05990-2048x1365.jpg 2048w, https:\/\/nyumbani.ch\/wp-content\/uploads\/2022\/06\/DSC05990-600x400.jpg 600w, https:\/\/nyumbani.ch\/wp-content\/uploads\/2022\/06\/DSC05990-945x630.jpg 945w\" sizes=\"auto, (max-width: 1024px) 100vw, 1024px\" \/><\/figure>\n\n\n\n<figure class=\"wp-block-image size-large\"><img loading=\"lazy\" decoding=\"async\" width=\"1024\" height=\"683\" data-id=\"2153\" src=\"https:\/\/nyumbani.ch\/wp-content\/uploads\/2022\/06\/DSC05988-1024x683.jpg\" alt=\"\" class=\"wp-image-2153\" srcset=\"https:\/\/nyumbani.ch\/wp-content\/uploads\/2022\/06\/DSC05988-1024x683.jpg 1024w, https:\/\/nyumbani.ch\/wp-content\/uploads\/2022\/06\/DSC05988-300x200.jpg 300w, https:\/\/nyumbani.ch\/wp-content\/uploads\/2022\/06\/DSC05988-768x512.jpg 768w, https:\/\/nyumbani.ch\/wp-content\/uploads\/2022\/06\/DSC05988-1536x1024.jpg 1536w, https:\/\/nyumbani.ch\/wp-content\/uploads\/2022\/06\/DSC05988-2048x1365.jpg 2048w, https:\/\/nyumbani.ch\/wp-content\/uploads\/2022\/06\/DSC05988-600x400.jpg 600w, https:\/\/nyumbani.ch\/wp-content\/uploads\/2022\/06\/DSC05988-945x630.jpg 945w\" sizes=\"auto, (max-width: 1024px) 100vw, 1024px\" \/><\/figure>\n<\/figure>\n\n\n\n<hr class=\"wp-block-separator has-alpha-channel-opacity is-style-dots\"\/>\n\n\n\n<p>Recht hatte er. Schon am n\u00e4chsten Tag schlug das Wetter um und wir kriegten diesbez\u00fcglich, was wir eigentlich ja erwartet hatten. Immer mal wieder einen Gutsch. <\/p>\n\n\n\n<p>Nachdem wir mit der F\u00e4hre auf die <a href=\"https:\/\/nyumbani.ch\/index.php\/2022\/06\/18\/isle-of-skye\/\" data-type=\"post\" data-id=\"2115\">Isle of Skye<\/a> gelangten und dort Wanderschuhe und Regenkleider ausgiebig testen konnten, fuhren wir \u00fcber die Skye Bridge wieder aufs Festland und am Loch Ness vorbei an die Moray Coast \u00f6stlich von Inverness. <a href=\"https:\/\/nyumbani.ch\/index.php\/2022\/07\/04\/moray-coast\/\" data-type=\"post\" data-id=\"2167\">Diese K\u00fcste stellte sich als unerh\u00f6rt sch\u00f6n heraus<\/a> und wir erkundeten sie in kleinen Etappen der ganzen L\u00e4nge nach bis nach Fraserburgh und weiter nach S\u00fcden bis Edinburgh.<\/p>\n\n\n\n<hr class=\"wp-block-separator has-alpha-channel-opacity\"\/>\n\n\n\n<p>In der Umgebung der Hauptstadt legten Mojo und Rebi eine 5-t\u00e4gige Pause ein, w\u00e4hrend Nils sich zwecks Weiterbildung in die Schweiz verabschiedete. Mojo genoss es sichtlich, nach so viel Herumreisen mal einige Tage nicht in der Box eingesperrt zu sein und fl\u00e4zte im gr\u00fcnen Rasen, wenn er nicht gerade mit Rebi durch die W\u00e4lder streifte oder seine grauen Zellen durch Kopfarbeit endlich mal wieder ausgiebig gefordert wurden.<\/p>\n\n\n\n<p>Als das Rudel wieder komplett war, erkundete es die Halbinsel Fife. Der K\u00fcstenabschnitt rund um das Fischerd\u00f6rfchen Crail war wundersch\u00f6n.<\/p>\n\n\n\n<figure class=\"wp-block-gallery has-nested-images columns-default is-cropped wp-block-gallery-2 is-layout-flex wp-block-gallery-is-layout-flex\">\n<figure class=\"wp-block-image size-large\"><img loading=\"lazy\" decoding=\"async\" width=\"2364\" height=\"1773\" data-id=\"2209\" src=\"https:\/\/nyumbani.ch\/wp-content\/uploads\/2022\/07\/IMG_20220628_1431043.jpg\" alt=\"\" class=\"wp-image-2209\" srcset=\"https:\/\/nyumbani.ch\/wp-content\/uploads\/2022\/07\/IMG_20220628_1431043.jpg 2364w, https:\/\/nyumbani.ch\/wp-content\/uploads\/2022\/07\/IMG_20220628_1431043-300x225.jpg 300w, https:\/\/nyumbani.ch\/wp-content\/uploads\/2022\/07\/IMG_20220628_1431043-1024x768.jpg 1024w, https:\/\/nyumbani.ch\/wp-content\/uploads\/2022\/07\/IMG_20220628_1431043-768x576.jpg 768w, https:\/\/nyumbani.ch\/wp-content\/uploads\/2022\/07\/IMG_20220628_1431043-1536x1152.jpg 1536w, https:\/\/nyumbani.ch\/wp-content\/uploads\/2022\/07\/IMG_20220628_1431043-2048x1536.jpg 2048w, https:\/\/nyumbani.ch\/wp-content\/uploads\/2022\/07\/IMG_20220628_1431043-600x450.jpg 600w, https:\/\/nyumbani.ch\/wp-content\/uploads\/2022\/07\/IMG_20220628_1431043-945x709.jpg 945w\" sizes=\"auto, (max-width: 2364px) 100vw, 2364px\" \/><\/figure>\n\n\n\n<figure class=\"wp-block-image size-large\"><img loading=\"lazy\" decoding=\"async\" width=\"2364\" height=\"1773\" data-id=\"2208\" src=\"https:\/\/nyumbani.ch\/wp-content\/uploads\/2022\/07\/IMG_20220628_1431142.jpg\" alt=\"\" class=\"wp-image-2208\" srcset=\"https:\/\/nyumbani.ch\/wp-content\/uploads\/2022\/07\/IMG_20220628_1431142.jpg 2364w, https:\/\/nyumbani.ch\/wp-content\/uploads\/2022\/07\/IMG_20220628_1431142-300x225.jpg 300w, https:\/\/nyumbani.ch\/wp-content\/uploads\/2022\/07\/IMG_20220628_1431142-1024x768.jpg 1024w, https:\/\/nyumbani.ch\/wp-content\/uploads\/2022\/07\/IMG_20220628_1431142-768x576.jpg 768w, https:\/\/nyumbani.ch\/wp-content\/uploads\/2022\/07\/IMG_20220628_1431142-1536x1152.jpg 1536w, https:\/\/nyumbani.ch\/wp-content\/uploads\/2022\/07\/IMG_20220628_1431142-2048x1536.jpg 2048w, https:\/\/nyumbani.ch\/wp-content\/uploads\/2022\/07\/IMG_20220628_1431142-600x450.jpg 600w, https:\/\/nyumbani.ch\/wp-content\/uploads\/2022\/07\/IMG_20220628_1431142-945x709.jpg 945w\" sizes=\"auto, (max-width: 2364px) 100vw, 2364px\" \/><\/figure>\n\n\n\n<figure class=\"wp-block-image size-large\"><img loading=\"lazy\" decoding=\"async\" width=\"2364\" height=\"1773\" data-id=\"2207\" src=\"https:\/\/nyumbani.ch\/wp-content\/uploads\/2022\/07\/IMG_20220628_1503312.jpg\" alt=\"\" class=\"wp-image-2207\" srcset=\"https:\/\/nyumbani.ch\/wp-content\/uploads\/2022\/07\/IMG_20220628_1503312.jpg 2364w, https:\/\/nyumbani.ch\/wp-content\/uploads\/2022\/07\/IMG_20220628_1503312-300x225.jpg 300w, https:\/\/nyumbani.ch\/wp-content\/uploads\/2022\/07\/IMG_20220628_1503312-1024x768.jpg 1024w, https:\/\/nyumbani.ch\/wp-content\/uploads\/2022\/07\/IMG_20220628_1503312-768x576.jpg 768w, https:\/\/nyumbani.ch\/wp-content\/uploads\/2022\/07\/IMG_20220628_1503312-1536x1152.jpg 1536w, https:\/\/nyumbani.ch\/wp-content\/uploads\/2022\/07\/IMG_20220628_1503312-2048x1536.jpg 2048w, https:\/\/nyumbani.ch\/wp-content\/uploads\/2022\/07\/IMG_20220628_1503312-600x450.jpg 600w, https:\/\/nyumbani.ch\/wp-content\/uploads\/2022\/07\/IMG_20220628_1503312-945x709.jpg 945w\" sizes=\"auto, (max-width: 2364px) 100vw, 2364px\" \/><\/figure>\n\n\n\n<figure class=\"wp-block-image size-large\"><img loading=\"lazy\" decoding=\"async\" width=\"1024\" height=\"768\" data-id=\"2205\" src=\"https:\/\/nyumbani.ch\/wp-content\/uploads\/2022\/07\/IMG_20220628_1424183-1024x768.jpg\" alt=\"\" class=\"wp-image-2205\" srcset=\"https:\/\/nyumbani.ch\/wp-content\/uploads\/2022\/07\/IMG_20220628_1424183-1024x768.jpg 1024w, https:\/\/nyumbani.ch\/wp-content\/uploads\/2022\/07\/IMG_20220628_1424183-300x225.jpg 300w, https:\/\/nyumbani.ch\/wp-content\/uploads\/2022\/07\/IMG_20220628_1424183-768x576.jpg 768w, https:\/\/nyumbani.ch\/wp-content\/uploads\/2022\/07\/IMG_20220628_1424183-1536x1152.jpg 1536w, https:\/\/nyumbani.ch\/wp-content\/uploads\/2022\/07\/IMG_20220628_1424183-2048x1536.jpg 2048w, https:\/\/nyumbani.ch\/wp-content\/uploads\/2022\/07\/IMG_20220628_1424183-600x450.jpg 600w, https:\/\/nyumbani.ch\/wp-content\/uploads\/2022\/07\/IMG_20220628_1424183-945x709.jpg 945w\" sizes=\"auto, (max-width: 1024px) 100vw, 1024px\" \/><\/figure>\n\n\n\n<figure class=\"wp-block-image size-large\"><img loading=\"lazy\" decoding=\"async\" width=\"1024\" height=\"768\" data-id=\"2206\" src=\"https:\/\/nyumbani.ch\/wp-content\/uploads\/2022\/07\/IMG_20220628_1424272-1024x768.jpg\" alt=\"\" class=\"wp-image-2206\" srcset=\"https:\/\/nyumbani.ch\/wp-content\/uploads\/2022\/07\/IMG_20220628_1424272-1024x768.jpg 1024w, https:\/\/nyumbani.ch\/wp-content\/uploads\/2022\/07\/IMG_20220628_1424272-300x225.jpg 300w, https:\/\/nyumbani.ch\/wp-content\/uploads\/2022\/07\/IMG_20220628_1424272-768x576.jpg 768w, https:\/\/nyumbani.ch\/wp-content\/uploads\/2022\/07\/IMG_20220628_1424272-1536x1152.jpg 1536w, https:\/\/nyumbani.ch\/wp-content\/uploads\/2022\/07\/IMG_20220628_1424272-2048x1536.jpg 2048w, https:\/\/nyumbani.ch\/wp-content\/uploads\/2022\/07\/IMG_20220628_1424272-600x450.jpg 600w, https:\/\/nyumbani.ch\/wp-content\/uploads\/2022\/07\/IMG_20220628_1424272-945x709.jpg 945w\" sizes=\"auto, (max-width: 1024px) 100vw, 1024px\" \/><\/figure>\n<\/figure>\n\n\n\n<hr class=\"wp-block-separator has-alpha-channel-opacity is-style-dots\"\/>\n\n\n\n<p> Weniger erhellend dagegen war das Resultat der grassierenden Vogelgrippe an der K\u00fcste &#8211; \u00fcberall lagen verendete oder sterbende M\u00f6ven und andere Meeresv\u00f6gel. Wir schauten, dass Mojo den leidenden Tieren nicht nahe kam, um ihnen zus\u00e4tzlichem Stress zu ersparen. Da die Tiere anscheinend an inneren Blutungen zu Grunde gehen, k\u00f6nnen sie kaum gerettet werden &#8211; ein trauriger Anblick.<\/p>\n\n\n\n<hr class=\"wp-block-separator has-alpha-channel-opacity\"\/>\n\n\n\n<p>Nach einigen sch\u00f6nen Touren <a href=\"https:\/\/nyumbani.ch\/index.php\/2022\/07\/12\/munro-baggin\/\" data-type=\"post\" data-id=\"2213\">in den unz\u00e4hligen H\u00fcgeln der Cairngorms<\/a> fuhren wir f\u00fcr einen kurzen Abstecher erneut an die Westk\u00fcste, wo wir sehr kleinen K\u00fcstenstr\u00e4sschen folgten und etwa auf H\u00f6he von Assynt kehrt machten. Es schien fast so, als versuchte uns das Wetter an der Weiterfahrt zu hindern. Es war wirklich, wirklich \u00fcbel. Wenn wir das Schottische &#8222;Meteo&#8220; auf BBC konsultierten (\u00fcbrigens unabh\u00e4ngig der Wetterlage stets ein Genuss), so wurde uns gef\u00fchlt immer die gleiche Karte pr\u00e4sentiert. Oben links gruusig, also bei uns.<\/p>\n\n\n\n<p>Wir entschieden uns deshalb, Schottland nach knapp f\u00fcnf Wochen wieder zu verlassen und, nach einem kurzen Abstecher an die Ostk\u00fcste Englands, auf dem Weg in die Heimat noch Wales ins Visier zu nehmen.<\/p>\n","protected":false},"excerpt":{"rendered":"<p>Schottland begr\u00fcsste uns freundlich. Nach \u00dcberqueren der Grenze bogen wir links ab und folgten der K\u00fcste entlang dem Solway Firth. Vor dem Caf\u00e9 der Crarae Gardens &#8211; einem Park, in dem Pflanzen aus der Himalayaregion gedeihen &#8211; liessen wir uns&#8230; <a class=\"more-link\" href=\"https:\/\/nyumbani.ch\/index.php\/schottland\/\">Weiterlesen &rarr;<\/a><\/p>\n","protected":false},"author":1,"featured_media":0,"parent":0,"menu_order":0,"comment_status":"closed","ping_status":"closed","template":"","meta":{"footnotes":""},"class_list":["post-2047","page","type-page","status-publish","hentry"],"_links":{"self":[{"href":"https:\/\/nyumbani.ch\/index.php\/wp-json\/wp\/v2\/pages\/2047","targetHints":{"allow":["GET"]}}],"collection":[{"href":"https:\/\/nyumbani.ch\/index.php\/wp-json\/wp\/v2\/pages"}],"about":[{"href":"https:\/\/nyumbani.ch\/index.php\/wp-json\/wp\/v2\/types\/page"}],"author":[{"embeddable":true,"href":"https:\/\/nyumbani.ch\/index.php\/wp-json\/wp\/v2\/users\/1"}],"replies":[{"embeddable":true,"href":"https:\/\/nyumbani.ch\/index.php\/wp-json\/wp\/v2\/comments?post=2047"}],"version-history":[{"count":9,"href":"https:\/\/nyumbani.ch\/index.php\/wp-json\/wp\/v2\/pages\/2047\/revisions"}],"predecessor-version":[{"id":2233,"href":"https:\/\/nyumbani.ch\/index.php\/wp-json\/wp\/v2\/pages\/2047\/revisions\/2233"}],"wp:attachment":[{"href":"https:\/\/nyumbani.ch\/index.php\/wp-json\/wp\/v2\/media?parent=2047"}],"curies":[{"name":"wp","href":"https:\/\/api.w.org\/{rel}","templated":true}]}}