{"id":2264,"date":"2022-07-27T11:48:21","date_gmt":"2022-07-27T11:48:21","guid":{"rendered":"https:\/\/nyumbani.ch\/?page_id=2264"},"modified":"2022-07-27T11:53:48","modified_gmt":"2022-07-27T11:53:48","slug":"wales","status":"publish","type":"page","link":"https:\/\/nyumbani.ch\/index.php\/wales\/","title":{"rendered":"Wales"},"content":{"rendered":"\n<p>Bevor wir die Insel wieder verliessen, legten wir noch einen kleinen Umweg \u00fcber das kleine Land <a href=\"https:\/\/nyumbani.ch\/index.php\/2022\/07\/25\/wales-wow\/\" data-type=\"post\" data-id=\"2242\">Wales <\/a>ein, bevor wir durch die Jahrhunderthitze England wieder durchquerten, um mit der F\u00e4hre von Dover wieder auf den Europ\u00e4ischen Kontinent zu gelangen. <\/p>\n\n\n\n<p>Diese 10 Tage in Wales waren ein kr\u00f6nender Abschluss unserer Tour durch Grossbritannien.<\/p>\n","protected":false},"excerpt":{"rendered":"<p>Bevor wir die Insel wieder verliessen, legten wir noch einen kleinen Umweg \u00fcber das kleine Land Wales ein, bevor wir durch die Jahrhunderthitze England wieder durchquerten, um mit der F\u00e4hre von Dover wieder auf den Europ\u00e4ischen Kontinent zu gelangen. Diese&#8230; <a class=\"more-link\" href=\"https:\/\/nyumbani.ch\/index.php\/wales\/\">Weiterlesen &rarr;<\/a><\/p>\n","protected":false},"author":1,"featured_media":0,"parent":0,"menu_order":0,"comment_status":"closed","ping_status":"closed","template":"","meta":{"footnotes":""},"class_list":["post-2264","page","type-page","status-publish","hentry"],"_links":{"self":[{"href":"https:\/\/nyumbani.ch\/index.php\/wp-json\/wp\/v2\/pages\/2264","targetHints":{"allow":["GET"]}}],"collection":[{"href":"https:\/\/nyumbani.ch\/index.php\/wp-json\/wp\/v2\/pages"}],"about":[{"href":"https:\/\/nyumbani.ch\/index.php\/wp-json\/wp\/v2\/types\/page"}],"author":[{"embeddable":true,"href":"https:\/\/nyumbani.ch\/index.php\/wp-json\/wp\/v2\/users\/1"}],"replies":[{"embeddable":true,"href":"https:\/\/nyumbani.ch\/index.php\/wp-json\/wp\/v2\/comments?post=2264"}],"version-history":[{"count":3,"href":"https:\/\/nyumbani.ch\/index.php\/wp-json\/wp\/v2\/pages\/2264\/revisions"}],"predecessor-version":[{"id":2274,"href":"https:\/\/nyumbani.ch\/index.php\/wp-json\/wp\/v2\/pages\/2264\/revisions\/2274"}],"wp:attachment":[{"href":"https:\/\/nyumbani.ch\/index.php\/wp-json\/wp\/v2\/media?parent=2264"}],"curies":[{"name":"wp","href":"https:\/\/api.w.org\/{rel}","templated":true}]}}