{"id":574,"date":"2020-09-10T20:45:15","date_gmt":"2020-09-10T20:45:15","guid":{"rendered":"https:\/\/nyumbani.ch\/?page_id=574"},"modified":"2020-10-03T10:28:59","modified_gmt":"2020-10-03T10:28:59","slug":"oesterreich","status":"publish","type":"page","link":"https:\/\/nyumbani.ch\/index.php\/oesterreich\/","title":{"rendered":"\u00d6sterreich"},"content":{"rendered":"\n<p class=\"has-drop-cap\">Durch das Engadin fuhren wir \u00fcber die Grenze ins Tirol. Beim leeren Zollh\u00e4uschen schauten wir auf den Kilometerz\u00e4hler. Knapp vor 2&#8217;000km hatten wir es also endlich \u00fcber eine Grenze geschafft. Die Zahl bedeutet nat\u00fcrlich rein gar nichts aber erinnerte uns an die zur\u00fcckliegenden turbulenten Wochen und die vielen Fahrten in der Schweiz, die im Zusammenhang mit Mojos Knieverletzung stattfanden und die unseren Reisestart um einige Wochen verz\u00f6gerten.<\/p>\n\n\n\n<p>Wir landeten zun\u00e4chst unweit der Grenze im Kaunertal, bevor wir durch das Zillertal in das kleine Bergsteigerdorf Ginzling gelangten. Unweit unseres Nachtlagers befanden sich etliche Boulderfelsen, weshalb am Abend aus allen Richtungen kleine Zwerge mit \u00fcberdimensionierten Rucks\u00e4cken zur\u00fcck zum Stellplatz marschierten. Die umliegenden Berge ragten eindr\u00fccklich in den Himmel und da wir nach wie vor mit angezogener Handbremse spazieren mussten, g\u00f6nnten wir uns am n\u00e4chsten Tag eine Fahrt mit einer der unz\u00e4hligen topmodernen Bergbahnen und wanderten auf der Granatalm neben Rentnern und Kinderw\u00e4gen einmal den halbst\u00fcndigen Rundweg &#8211; immerhin!<\/p>\n\n\n\n<div class=\"wp-block-image\"><figure class=\"aligncenter size-large\"><img loading=\"lazy\" decoding=\"async\" width=\"612\" height=\"408\" src=\"https:\/\/nyumbani.ch\/wp-content\/uploads\/2020\/09\/DSC03067_mini.jpg\" alt=\"\" class=\"wp-image-633\" srcset=\"https:\/\/nyumbani.ch\/wp-content\/uploads\/2020\/09\/DSC03067_mini.jpg 612w, https:\/\/nyumbani.ch\/wp-content\/uploads\/2020\/09\/DSC03067_mini-300x200.jpg 300w, https:\/\/nyumbani.ch\/wp-content\/uploads\/2020\/09\/DSC03067_mini-600x400.jpg 600w\" sizes=\"auto, (max-width: 612px) 100vw, 612px\" \/><figcaption>Granatenaussicht auf der Alm<\/figcaption><\/figure><\/div>\n\n\n\n<p>Hoch oben auf dem Berg konnten wir zuschauen, wie von Westen her eine eindr\u00fcckliche Schlechtwetterfront heranrollte. Eigentlich hatten wir die Idee, weiter in den Osten \u00d6sterreichs zu rollen, entschieden uns aber dann aufgrund der miserablen Wetterprognose, n\u00f6rdlich nach S\u00fcddeutschland zu fahren, etwas weg von den Alpen.<\/p>\n\n\n\n<p>Somit dauerte unsere Visite im Tirol zwar nur kurz, aber Rebi kann nun endlich ihre Kindheitserinnerung vom Tanz zum Zillertaler Hochzeitsmarsch mit einer Reise verkn\u00fcpfen und Nils realisierte, dass die \u00d6sterreichische Milch der Unseren geschmacklich ziemlich nahe kommt.<\/p>\n","protected":false},"excerpt":{"rendered":"<p>Durch das Engadin fuhren wir \u00fcber die Grenze ins Tirol. Beim leeren Zollh\u00e4uschen schauten wir auf den Kilometerz\u00e4hler. Knapp vor 2&#8217;000km hatten wir es also endlich \u00fcber eine Grenze geschafft. Die Zahl bedeutet nat\u00fcrlich rein gar nichts aber erinnerte uns&#8230; <a class=\"more-link\" href=\"https:\/\/nyumbani.ch\/index.php\/oesterreich\/\">Weiterlesen &rarr;<\/a><\/p>\n","protected":false},"author":1,"featured_media":0,"parent":0,"menu_order":0,"comment_status":"closed","ping_status":"closed","template":"","meta":{"footnotes":""},"class_list":["post-574","page","type-page","status-publish","hentry"],"_links":{"self":[{"href":"https:\/\/nyumbani.ch\/index.php\/wp-json\/wp\/v2\/pages\/574","targetHints":{"allow":["GET"]}}],"collection":[{"href":"https:\/\/nyumbani.ch\/index.php\/wp-json\/wp\/v2\/pages"}],"about":[{"href":"https:\/\/nyumbani.ch\/index.php\/wp-json\/wp\/v2\/types\/page"}],"author":[{"embeddable":true,"href":"https:\/\/nyumbani.ch\/index.php\/wp-json\/wp\/v2\/users\/1"}],"replies":[{"embeddable":true,"href":"https:\/\/nyumbani.ch\/index.php\/wp-json\/wp\/v2\/comments?post=574"}],"version-history":[{"count":8,"href":"https:\/\/nyumbani.ch\/index.php\/wp-json\/wp\/v2\/pages\/574\/revisions"}],"predecessor-version":[{"id":719,"href":"https:\/\/nyumbani.ch\/index.php\/wp-json\/wp\/v2\/pages\/574\/revisions\/719"}],"wp:attachment":[{"href":"https:\/\/nyumbani.ch\/index.php\/wp-json\/wp\/v2\/media?parent=574"}],"curies":[{"name":"wp","href":"https:\/\/api.w.org\/{rel}","templated":true}]}}