{"id":575,"date":"2020-09-10T20:45:15","date_gmt":"2020-09-10T20:45:15","guid":{"rendered":"https:\/\/nyumbani.ch\/?page_id=575"},"modified":"2020-10-03T10:27:32","modified_gmt":"2020-10-03T10:27:32","slug":"deutschland","status":"publish","type":"page","link":"https:\/\/nyumbani.ch\/index.php\/deutschland\/","title":{"rendered":"Deutschland"},"content":{"rendered":"\n<p class=\"has-drop-cap\">So fl\u00fcchteten wir vor dem kommenden Starkregen, der in den zuletzt besuchten Regionen mit am heftigsten zu werden drohte. Auch im deutschen Allg\u00e4u regnete es stark, doch dank dem flacheren Gel\u00e4nde und dem Wind gab es auch immer wieder kurze regenfreie Phasen, die wir jeweils f\u00fcr trockene Hundespazierg\u00e4nge zu nutzen versuchten (was nicht immer gelang). <\/p>\n\n\n\n<p>Wir fanden einen wundersch\u00f6n gelegenen, ruhigen Stellplatz auf einem Pferdehof, widmeten uns unseren B\u00fcchern und tranken literweise Tee. <\/p>\n\n\n\n<div class=\"wp-block-image\"><figure class=\"aligncenter size-large\"><img loading=\"lazy\" decoding=\"async\" width=\"577\" height=\"433\" src=\"https:\/\/nyumbani.ch\/wp-content\/uploads\/2020\/09\/IMG-20200830-WA0003_mini.jpg\" alt=\"\" class=\"wp-image-635\" srcset=\"https:\/\/nyumbani.ch\/wp-content\/uploads\/2020\/09\/IMG-20200830-WA0003_mini.jpg 577w, https:\/\/nyumbani.ch\/wp-content\/uploads\/2020\/09\/IMG-20200830-WA0003_mini-300x225.jpg 300w\" sizes=\"auto, (max-width: 577px) 100vw, 577px\" \/><figcaption>Regenpause<\/figcaption><\/figure><\/div>\n\n\n\n<p>Weiter fuhren wir nach Gef\u00fchl und ohne Stress auf Landstrassen immer etwas gegen Westen, da von dort das gute Wetter kommen sollte. So landeten wir auf einem grossen, leeren Parkplatz bei einem idyllischen Baggersee, wo wir ungest\u00f6rt \u00fcbernachteten.<\/p>\n\n\n\n<p>Am n\u00e4chsten Tag wieder Sauwetter. Wir erledigten einige Pendenzen, so zum Beispiel Abwassertank leeren. Einige Dinge gehen beim Leben im Bus etwas leichter, wenn es nicht regnet. So wurde eben etwas gejufelt, was dazu f\u00fchrte, dass sich ein Teil des Abwassers (aus dem Sp\u00fclbecken, nicht aus der Toilette, immerhin) schon im Bus aus dem Kanister befreite. Akuter Stimmungsabfall.<\/p>\n\n\n\n<p>Nach kurzer Lagebesprechung entschieden wir uns zu einem Besuch im nahegelegenen Thermalbad. Dort fanden wir ein interessantes Corona-Schutzkonzept vor. Absolut keine \u00dcbertragungschancen dank Schleusen, Abstandsregeln und Maskenpflicht &#8211; bis zur Dusche. Dahinter an den beliebtesten Stationen ein Gedr\u00e4nge als g\u00e4be Roger Federer gratis Autogramme. Vielleicht war dies ja auch der Fall, wir blieben auf jeden Fall in den ruhigeren Zonen und werden deshalb nie Gewissheit haben, ob uns das Autogramm entgangen ist.<\/p>\n\n\n\n<hr class=\"wp-block-separator\"\/>\n\n\n\n<p>In der N\u00e4he von Ravensburg bogen wir auf einen Bauernhof-Camping ab, der mit einem interessanten Konzept betrieben wird. Zwischen den Obstb\u00e4umen auf den Rasenfl\u00e4chen darf man seinen Bus oder sein Zelt hinstellen. Der Betrieb auf dem Hof ist in vollem Gang, w\u00e4hrend sich die Besucher frei bewegen k\u00f6nnen. Gerade f\u00fcr Familien mit kleinen Kindern aus der Umgebung scheint dies wie ein Magnet zu wirken. So tragen Kinder Bauernhof-Fundsachen wie \u00c4pfel oder H\u00fchner umher, Kinderwagen werden elegant vor dem heranbrausenden Traktor weggezogen und Jungv\u00e4ter schieben ihren Spross am Morgen fr\u00fch in den Stall. Hier war f\u00fcr uns nicht ganz ersichtlich, auf welche Generation der Anblick von K\u00e4lbern mehr Faszination aus\u00fcbte.<\/p>\n\n\n\n<hr class=\"wp-block-separator\"\/>\n\n\n\n<p>Weiter westlich fuhren wir in die Schwarzwald-Region. Ein gut versteckter Camping entpuppte sich als interessantes Beobachtungsgebiet f\u00fcr eine gewisse Spezies von Campern. Der Platz war in den Hang gebaut und die Fl\u00e4chen auf den Terrassen erreichte man \u00fcber sehr steile und enge Zufahrtsstrassen.<\/p>\n\n\n\n<p>Wer schon einmal Lachse beim \u00dcberwinden von Wasserf\u00e4llen beobachten konnte, kann sich vielleicht vorstellen, wie sich die zahlreichen Holl\u00e4nder um die besten Pl\u00e4tze bem\u00fcht haben. Nicht jeder Versuch, an H\u00f6he zu gewinnen, war von Erfolg gekr\u00f6nt. Aber wenn tief in den Genen der unb\u00e4ndige Wunsch sitzt, nach oben zu kommen, dann gelingt es dem einen oder anderen Exemplar auch tats\u00e4chlich. Den weniger begabten Fahrern kam der Platzwart mit einem gut motorisierten Jeep zu Hilfe und so fand schlussendlich jeder sein Pl\u00e4tzchen.<\/p>\n\n\n\n<div class=\"wp-block-image\"><figure class=\"aligncenter size-large\"><img loading=\"lazy\" decoding=\"async\" width=\"577\" height=\"433\" src=\"https:\/\/nyumbani.ch\/wp-content\/uploads\/2020\/09\/IMG_20200906_162331_mini.jpg\" alt=\"\" class=\"wp-image-647\" srcset=\"https:\/\/nyumbani.ch\/wp-content\/uploads\/2020\/09\/IMG_20200906_162331_mini.jpg 577w, https:\/\/nyumbani.ch\/wp-content\/uploads\/2020\/09\/IMG_20200906_162331_mini-300x225.jpg 300w\" sizes=\"auto, (max-width: 577px) 100vw, 577px\" \/><figcaption>Rebi begutachtet das Treiben am Wasserfall<\/figcaption><\/figure><\/div>\n\n\n\n<hr class=\"wp-block-separator\"\/>\n\n\n\n<p>Wenn wir unterwegs sind, lassen wir uns eigentlich sehr gerne treiben und folgen nicht den Touristenpfaden. Auf der R\u00fcckkehr in die Schweiz liessen wir es uns trotzdem nicht nehmen, einen weissen Fleck auf unserer Landkarte zu besuchen.<\/p>\n\n\n\n<figure class=\"wp-block-image size-large\"><img loading=\"lazy\" decoding=\"async\" width=\"577\" height=\"433\" src=\"https:\/\/nyumbani.ch\/wp-content\/uploads\/2020\/09\/IMG_20200908_155657_mini.jpg\" alt=\"\" class=\"wp-image-645\" srcset=\"https:\/\/nyumbani.ch\/wp-content\/uploads\/2020\/09\/IMG_20200908_155657_mini.jpg 577w, https:\/\/nyumbani.ch\/wp-content\/uploads\/2020\/09\/IMG_20200908_155657_mini-300x225.jpg 300w\" sizes=\"auto, (max-width: 577px) 100vw, 577px\" \/><figcaption>Touristen in action<\/figcaption><\/figure>\n","protected":false},"excerpt":{"rendered":"<p>So fl\u00fcchteten wir vor dem kommenden Starkregen, der in den zuletzt besuchten Regionen mit am heftigsten zu werden drohte. Auch im deutschen Allg\u00e4u regnete es stark, doch dank dem flacheren Gel\u00e4nde und dem Wind gab es auch immer wieder kurze&#8230; <a class=\"more-link\" href=\"https:\/\/nyumbani.ch\/index.php\/deutschland\/\">Weiterlesen &rarr;<\/a><\/p>\n","protected":false},"author":1,"featured_media":0,"parent":0,"menu_order":0,"comment_status":"closed","ping_status":"closed","template":"","meta":{"footnotes":""},"class_list":["post-575","page","type-page","status-publish","hentry"],"_links":{"self":[{"href":"https:\/\/nyumbani.ch\/index.php\/wp-json\/wp\/v2\/pages\/575","targetHints":{"allow":["GET"]}}],"collection":[{"href":"https:\/\/nyumbani.ch\/index.php\/wp-json\/wp\/v2\/pages"}],"about":[{"href":"https:\/\/nyumbani.ch\/index.php\/wp-json\/wp\/v2\/types\/page"}],"author":[{"embeddable":true,"href":"https:\/\/nyumbani.ch\/index.php\/wp-json\/wp\/v2\/users\/1"}],"replies":[{"embeddable":true,"href":"https:\/\/nyumbani.ch\/index.php\/wp-json\/wp\/v2\/comments?post=575"}],"version-history":[{"count":21,"href":"https:\/\/nyumbani.ch\/index.php\/wp-json\/wp\/v2\/pages\/575\/revisions"}],"predecessor-version":[{"id":717,"href":"https:\/\/nyumbani.ch\/index.php\/wp-json\/wp\/v2\/pages\/575\/revisions\/717"}],"wp:attachment":[{"href":"https:\/\/nyumbani.ch\/index.php\/wp-json\/wp\/v2\/media?parent=575"}],"curies":[{"name":"wp","href":"https:\/\/api.w.org\/{rel}","templated":true}]}}