{"id":713,"date":"2020-10-03T10:26:29","date_gmt":"2020-10-03T10:26:29","guid":{"rendered":"https:\/\/nyumbani.ch\/?page_id=713"},"modified":"2020-11-10T20:09:58","modified_gmt":"2020-11-10T20:09:58","slug":"frankreich","status":"publish","type":"page","link":"https:\/\/nyumbani.ch\/index.php\/frankreich\/","title":{"rendered":"Frankreich"},"content":{"rendered":"\n<p class=\"has-drop-cap\">Im zweiten Anlauf klappte es mit der Ausreise nach Frankreich f\u00fcr mehr als einen Tag. Durch den Jura fuhren wir \u00fcber die schweiz-franz\u00f6sische Grenze. Diese Route kannten wir von fr\u00fcheren Reisen Richtung Westen, aber anders als damals schlugen wir ein gem\u00e4chliches Tempo an und suchten nicht die n\u00e4chstgelegene Autobahnauffahrt. Das Surfbrett hat es zwar mit ins Auto geschafft, n\u00f6rgelt aber nicht herum und kann sich damit abfinden, dass es dieses Mal nicht auf schnellstem Weg Richtung Atlantik geht. Die passenden Badeshorts schlummern ebenfalls noch gem\u00fctlich in der hintersten Reihe des Kleiderfachs, denn Frankreich empf\u00e4ngt uns mit k\u00fchlem Herbstwetter und wir \u00e4ussern uns w\u00e4hrend der Fahrt mehrmals froh \u00fcber die nun wieder funktionierende Heizung &#8211; laut genug, dass sie uns unter unseren Sitzen h\u00f6ren kann und sich richtig geschmeichelt f\u00fchlen soll. Denn ein erneutes Tr\u00f6tzelen ihrerseits w\u00fcrden wir wohl nur schwer verkraften.<\/p>\n\n\n\n<p>So geht es in den ersten Tagen in Frankreich unter anderem darum, die Prozesse nach einem weiteren Regenspaziergang zu optimieren. Wir haben daf\u00fcr relativ wenig Platz zur Verf\u00fcgung und wenn Mojo kurz vor der R\u00fcckkehr noch eine Matschpf\u00fctze aufsucht oder Windb\u00f6en das Ziehen der Markise verunm\u00f6glichen, dann wird es noch anspruchsvoller. Aber es klappt erstaunlich gut und wir sind noch jedes Mal trocken und der Bus sauber geworden.<\/p>\n\n\n\n<p>Es sind komplett andere Herausforderungen des Alltags als fr\u00fcher und wir geniessen dies!<\/p>\n\n\n\n<figure class=\"wp-block-image size-large\"><img loading=\"lazy\" decoding=\"async\" width=\"1024\" height=\"683\" src=\"https:\/\/nyumbani.ch\/wp-content\/uploads\/2020\/10\/DSC03365-1024x683.jpg\" alt=\"\" class=\"wp-image-752\" srcset=\"https:\/\/nyumbani.ch\/wp-content\/uploads\/2020\/10\/DSC03365-1024x683.jpg 1024w, https:\/\/nyumbani.ch\/wp-content\/uploads\/2020\/10\/DSC03365-300x200.jpg 300w, https:\/\/nyumbani.ch\/wp-content\/uploads\/2020\/10\/DSC03365-768x512.jpg 768w\" sizes=\"auto, (max-width: 1024px) 100vw, 1024px\" \/><figcaption>das si keni Ferie &#8211; das isch itz \u00e4be Reise!<\/figcaption><\/figure>\n\n\n\n<hr class=\"wp-block-separator\"\/>\n\n\n\n<p>Bei etwas weniger garstigem Wetter (kalt, aber immerhin gabs auch trockene Phasen) f\u00fchrten uns die franz\u00f6sischen Landstrassen weiter ins <a href=\"https:\/\/nyumbani.ch\/index.php\/2020\/10\/03\/begegnung-im-burgund\/\" data-type=\"post\" data-id=\"758\">Burgund<\/a> und anschliessend ins Loire-Tal, wo wir das lang ersehnte Wiedersehen mit der Sonne genossen.<\/p>\n\n\n\n<figure class=\"wp-block-image size-large is-style-rounded\"><img loading=\"lazy\" decoding=\"async\" width=\"1024\" height=\"768\" src=\"https:\/\/nyumbani.ch\/wp-content\/uploads\/2020\/10\/IMG_20201001_1406302-1024x768.jpg\" alt=\"\" class=\"wp-image-837\" srcset=\"https:\/\/nyumbani.ch\/wp-content\/uploads\/2020\/10\/IMG_20201001_1406302-1024x768.jpg 1024w, https:\/\/nyumbani.ch\/wp-content\/uploads\/2020\/10\/IMG_20201001_1406302-300x225.jpg 300w, https:\/\/nyumbani.ch\/wp-content\/uploads\/2020\/10\/IMG_20201001_1406302-768x576.jpg 768w, https:\/\/nyumbani.ch\/wp-content\/uploads\/2020\/10\/IMG_20201001_1406302-1536x1152.jpg 1536w, https:\/\/nyumbani.ch\/wp-content\/uploads\/2020\/10\/IMG_20201001_1406302-600x450.jpg 600w, https:\/\/nyumbani.ch\/wp-content\/uploads\/2020\/10\/IMG_20201001_1406302-945x709.jpg 945w, https:\/\/nyumbani.ch\/wp-content\/uploads\/2020\/10\/IMG_20201001_1406302.jpg 1632w\" sizes=\"auto, (max-width: 1024px) 100vw, 1024px\" \/><figcaption>the sun is finally shining down on us again<br><a href=\"https:\/\/www.youtube.com\/watch?v=UO-h8y8TgoE\">https:\/\/www.youtube.com\/watch?v=UO-h8y8TgoE<\/a><\/figcaption><\/figure>\n\n\n\n<hr class=\"wp-block-separator\"\/>\n\n\n\n<p>Kurz darauf erfreute uns das n\u00e4chste Wiedersehen &#8211; jenes mit dem Meer &#8211; in der <a href=\"https:\/\/nyumbani.ch\/index.php\/2020\/10\/09\/france-passion\/\" data-type=\"post\" data-id=\"775\">S\u00fcdbretagne<\/a>. In ganz kleinen Etappen erkundeten wir diese unglaublich sch\u00f6ne und vielf\u00e4ltige Region. Weite Sandstr\u00e4nde wechseln sich ab mit schroffen Klippen und wenn man sich etwas ins Landesinnere bewegt, findet man sich in einer sanften, fruchtbaren Landschaft wieder. Je weiter man sich &#8222;auf den Atlantik&#8220; hinauswagt, desto unmittelbarer wird die Kraft der Naturgewalten. Starker, b\u00f6iger Wind peitscht Wellen an die hohen Klippen und gegen Abend verwandelt sich das Meer in eine silbern scheinende, riesige Fl\u00e4che. Den <a href=\"https:\/\/nyumbani.ch\/index.php\/2020\/10\/25\/pointe-du-raz\/\" data-type=\"post\" data-id=\"850\">\u00e4ussersten Zipfel<\/a> der Bretagne bildet das D\u00e9partement Finist\u00e8re. Hier gef\u00e4llt es uns unglaublich gut. Unter anderem fanden wir hier den bisher <a href=\"https:\/\/nyumbani.ch\/index.php\/2020\/10\/21\/wenn-alles-passt\/\" data-type=\"post\" data-id=\"852\">sch\u00f6nsten Platz zum \u00dcbernachten<\/a> und wir wurden beide erfolgreich <a href=\"https:\/\/nyumbani.ch\/index.php\/2020\/10\/21\/oktoberfest-x2\/\" data-type=\"post\" data-id=\"845\">ein Jahr \u00e4lter<\/a>.<\/p>\n\n\n\n<hr class=\"wp-block-separator\"\/>\n\n\n\n<p>W\u00e4hrend wir die Bretagne in aller Ruhe erkundeten, versch\u00e4rfte sich die Corona-Situation allgemein zunehmend. In unserem Alltag merkten wir wenig davon, da wir uns vorwiegend ausserhalb der Ortschaften bewegten. Nat\u00fcrlich verfolgten wir aber die Entwicklung vor Ort und in der Schweiz durch die Medien. Die Nachricht vom erneuten Confinement &#8211; also dem zweiten Lockdown in Frankreich &#8211; traf uns somit nicht v\u00f6llig unvorbereitet. Wir hatten uns vorg\u00e4ngig schon damit befasst, wie wir uns in einem solchen Fall bez\u00fcglich unserer Reise verhalten w\u00fcrden, hofften jedoch, dass es nicht soweit kommen w\u00fcrde.<\/p>\n\n\n\n<p>So kehrten wir Anfang November wieder <a href=\"https:\/\/nyumbani.ch\/index.php\/2020\/11\/10\/unterbruch\/\" data-type=\"post\" data-id=\"933\">in die Schweiz zur\u00fcck<\/a>. Wir sind fest entschlossen, unsere Reise fortzuf\u00fchren, sobald die Situation uns dies erlaubt.<\/p>\n\n\n\n<figure class=\"wp-block-image size-large\"><img loading=\"lazy\" decoding=\"async\" width=\"1024\" height=\"768\" src=\"https:\/\/nyumbani.ch\/wp-content\/uploads\/2020\/11\/IMG_20201023_172800-1024x768.jpg\" alt=\"\" class=\"wp-image-970\" srcset=\"https:\/\/nyumbani.ch\/wp-content\/uploads\/2020\/11\/IMG_20201023_172800-1024x768.jpg 1024w, https:\/\/nyumbani.ch\/wp-content\/uploads\/2020\/11\/IMG_20201023_172800-300x225.jpg 300w, https:\/\/nyumbani.ch\/wp-content\/uploads\/2020\/11\/IMG_20201023_172800-768x576.jpg 768w, https:\/\/nyumbani.ch\/wp-content\/uploads\/2020\/11\/IMG_20201023_172800-1536x1152.jpg 1536w, https:\/\/nyumbani.ch\/wp-content\/uploads\/2020\/11\/IMG_20201023_172800-2048x1536.jpg 2048w, https:\/\/nyumbani.ch\/wp-content\/uploads\/2020\/11\/IMG_20201023_172800-600x450.jpg 600w, https:\/\/nyumbani.ch\/wp-content\/uploads\/2020\/11\/IMG_20201023_172800-945x709.jpg 945w\" sizes=\"auto, (max-width: 1024px) 100vw, 1024px\" \/><figcaption>hoffentlich hinterlassen wir bald neue Fussabdr\u00fccke im Sand<\/figcaption><\/figure>\n","protected":false},"excerpt":{"rendered":"<p>Im zweiten Anlauf klappte es mit der Ausreise nach Frankreich f\u00fcr mehr als einen Tag. Durch den Jura fuhren wir \u00fcber die schweiz-franz\u00f6sische Grenze. Diese Route kannten wir von fr\u00fcheren Reisen Richtung Westen, aber anders als damals schlugen wir ein&#8230; <a class=\"more-link\" href=\"https:\/\/nyumbani.ch\/index.php\/frankreich\/\">Weiterlesen &rarr;<\/a><\/p>\n","protected":false},"author":1,"featured_media":0,"parent":0,"menu_order":0,"comment_status":"closed","ping_status":"closed","template":"","meta":{"footnotes":""},"class_list":["post-713","page","type-page","status-publish","hentry"],"_links":{"self":[{"href":"https:\/\/nyumbani.ch\/index.php\/wp-json\/wp\/v2\/pages\/713","targetHints":{"allow":["GET"]}}],"collection":[{"href":"https:\/\/nyumbani.ch\/index.php\/wp-json\/wp\/v2\/pages"}],"about":[{"href":"https:\/\/nyumbani.ch\/index.php\/wp-json\/wp\/v2\/types\/page"}],"author":[{"embeddable":true,"href":"https:\/\/nyumbani.ch\/index.php\/wp-json\/wp\/v2\/users\/1"}],"replies":[{"embeddable":true,"href":"https:\/\/nyumbani.ch\/index.php\/wp-json\/wp\/v2\/comments?post=713"}],"version-history":[{"count":17,"href":"https:\/\/nyumbani.ch\/index.php\/wp-json\/wp\/v2\/pages\/713\/revisions"}],"predecessor-version":[{"id":971,"href":"https:\/\/nyumbani.ch\/index.php\/wp-json\/wp\/v2\/pages\/713\/revisions\/971"}],"wp:attachment":[{"href":"https:\/\/nyumbani.ch\/index.php\/wp-json\/wp\/v2\/media?parent=713"}],"curies":[{"name":"wp","href":"https:\/\/api.w.org\/{rel}","templated":true}]}}