{"id":720,"date":"2020-10-03T10:37:29","date_gmt":"2020-10-03T10:37:29","guid":{"rendered":"https:\/\/nyumbani.ch\/?page_id=720"},"modified":"2020-10-03T18:09:54","modified_gmt":"2020-10-03T18:09:54","slug":"ch-intermezzo","status":"publish","type":"page","link":"https:\/\/nyumbani.ch\/index.php\/ch-intermezzo\/","title":{"rendered":"CH Intermezzo"},"content":{"rendered":"\n<p class=\"has-drop-cap\">Nach der Tour durch Tirol und S\u00fcddeutschland kehrten wir wie geplant f\u00fcr die Monatskontrolle von Mojos Knie in die Schweiz zur\u00fcck. <\/p>\n\n\n\n<p>Im Norden der Schweiz, genauer im Z\u00fcrcher Weinland, verbrachten wir noch eine Nacht auf dem Hof der Familie Reutimann, die in Stammheim mit viel Kreativit\u00e4t und Leidenschaft Produkte aus Hopfen herstellt. Die \u00e4usserst sympathische Art, wie wir dort willkommen geheissen wurden, f\u00f6rderte unsere Kauflust im Hofladen und in der Besenbeiz. Wer sich mal in diese Region verirrt, sollte um <a href=\"http:\/\/www.hopfentropfen.ch\">diese Adresse<\/a> keinen Bogen machen! Wir hatten Gl\u00fcck und die eindrucksvollen Hopfenpflanzen leuchteten kurz vor der Ernte im goldenen Licht der Abendsonne und pr\u00e4sentierten ihre prallen Bl\u00fcten, w\u00e4hrend nebenan die Sonnenblumen ihre K\u00f6pfe h\u00e4ngen liessen, so als ob sie nicht damit zurecht k\u00e4men, dass ihnen der Hopfen die Show stiehlt.<\/p>\n\n\n\n<figure class=\"wp-block-gallery columns-3 is-cropped wp-block-gallery-1 is-layout-flex wp-block-gallery-is-layout-flex\"><ul class=\"blocks-gallery-grid\"><li class=\"blocks-gallery-item\"><figure><img loading=\"lazy\" decoding=\"async\" width=\"1024\" height=\"768\" src=\"https:\/\/nyumbani.ch\/wp-content\/uploads\/2020\/10\/IMG_20200908_183947_mini-1024x768.jpg\" alt=\"\" data-id=\"734\" data-full-url=\"https:\/\/nyumbani.ch\/wp-content\/uploads\/2020\/10\/IMG_20200908_183947_mini.jpg\" data-link=\"https:\/\/nyumbani.ch\/index.php\/ch-intermezzo\/img_20200908_183947_mini\/\" class=\"wp-image-734\" srcset=\"https:\/\/nyumbani.ch\/wp-content\/uploads\/2020\/10\/IMG_20200908_183947_mini-1024x768.jpg 1024w, https:\/\/nyumbani.ch\/wp-content\/uploads\/2020\/10\/IMG_20200908_183947_mini-300x225.jpg 300w, https:\/\/nyumbani.ch\/wp-content\/uploads\/2020\/10\/IMG_20200908_183947_mini-768x576.jpg 768w, https:\/\/nyumbani.ch\/wp-content\/uploads\/2020\/10\/IMG_20200908_183947_mini-1536x1152.jpg 1536w, https:\/\/nyumbani.ch\/wp-content\/uploads\/2020\/10\/IMG_20200908_183947_mini-600x450.jpg 600w, https:\/\/nyumbani.ch\/wp-content\/uploads\/2020\/10\/IMG_20200908_183947_mini-945x709.jpg 945w, https:\/\/nyumbani.ch\/wp-content\/uploads\/2020\/10\/IMG_20200908_183947_mini.jpg 1632w\" sizes=\"auto, (max-width: 1024px) 100vw, 1024px\" \/><\/figure><\/li><li class=\"blocks-gallery-item\"><figure><img loading=\"lazy\" decoding=\"async\" width=\"683\" height=\"1024\" src=\"https:\/\/nyumbani.ch\/wp-content\/uploads\/2020\/10\/DSC03152_mini-683x1024.jpg\" alt=\"\" data-id=\"733\" data-full-url=\"https:\/\/nyumbani.ch\/wp-content\/uploads\/2020\/10\/DSC03152_mini-scaled.jpg\" data-link=\"https:\/\/nyumbani.ch\/index.php\/ch-intermezzo\/dsc03152_mini\/\" class=\"wp-image-733\" srcset=\"https:\/\/nyumbani.ch\/wp-content\/uploads\/2020\/10\/DSC03152_mini-683x1024.jpg 683w, https:\/\/nyumbani.ch\/wp-content\/uploads\/2020\/10\/DSC03152_mini-200x300.jpg 200w, https:\/\/nyumbani.ch\/wp-content\/uploads\/2020\/10\/DSC03152_mini-768x1152.jpg 768w, https:\/\/nyumbani.ch\/wp-content\/uploads\/2020\/10\/DSC03152_mini-scaled.jpg 1707w\" sizes=\"auto, (max-width: 683px) 100vw, 683px\" \/><\/figure><\/li><li class=\"blocks-gallery-item\"><figure><img loading=\"lazy\" decoding=\"async\" width=\"1024\" height=\"768\" src=\"https:\/\/nyumbani.ch\/wp-content\/uploads\/2020\/10\/IMG_20200908_1907012_mini-1024x768.jpg\" alt=\"\" data-id=\"736\" data-full-url=\"https:\/\/nyumbani.ch\/wp-content\/uploads\/2020\/10\/IMG_20200908_1907012_mini.jpg\" data-link=\"https:\/\/nyumbani.ch\/index.php\/ch-intermezzo\/img_20200908_1907012_mini\/\" class=\"wp-image-736\" srcset=\"https:\/\/nyumbani.ch\/wp-content\/uploads\/2020\/10\/IMG_20200908_1907012_mini-1024x768.jpg 1024w, https:\/\/nyumbani.ch\/wp-content\/uploads\/2020\/10\/IMG_20200908_1907012_mini-300x225.jpg 300w, https:\/\/nyumbani.ch\/wp-content\/uploads\/2020\/10\/IMG_20200908_1907012_mini-768x576.jpg 768w, https:\/\/nyumbani.ch\/wp-content\/uploads\/2020\/10\/IMG_20200908_1907012_mini-1536x1152.jpg 1536w, https:\/\/nyumbani.ch\/wp-content\/uploads\/2020\/10\/IMG_20200908_1907012_mini-600x450.jpg 600w, https:\/\/nyumbani.ch\/wp-content\/uploads\/2020\/10\/IMG_20200908_1907012_mini-945x709.jpg 945w, https:\/\/nyumbani.ch\/wp-content\/uploads\/2020\/10\/IMG_20200908_1907012_mini.jpg 1632w\" sizes=\"auto, (max-width: 1024px) 100vw, 1024px\" \/><\/figure><\/li><li class=\"blocks-gallery-item\"><figure><img loading=\"lazy\" decoding=\"async\" width=\"1024\" height=\"768\" src=\"https:\/\/nyumbani.ch\/wp-content\/uploads\/2020\/10\/IMG_20200908_1847512_mini-1024x768.jpg\" alt=\"\" data-id=\"735\" data-full-url=\"https:\/\/nyumbani.ch\/wp-content\/uploads\/2020\/10\/IMG_20200908_1847512_mini.jpg\" data-link=\"https:\/\/nyumbani.ch\/index.php\/ch-intermezzo\/img_20200908_1847512_mini\/\" class=\"wp-image-735\" srcset=\"https:\/\/nyumbani.ch\/wp-content\/uploads\/2020\/10\/IMG_20200908_1847512_mini-1024x768.jpg 1024w, https:\/\/nyumbani.ch\/wp-content\/uploads\/2020\/10\/IMG_20200908_1847512_mini-300x225.jpg 300w, https:\/\/nyumbani.ch\/wp-content\/uploads\/2020\/10\/IMG_20200908_1847512_mini-768x576.jpg 768w, https:\/\/nyumbani.ch\/wp-content\/uploads\/2020\/10\/IMG_20200908_1847512_mini-1536x1152.jpg 1536w, https:\/\/nyumbani.ch\/wp-content\/uploads\/2020\/10\/IMG_20200908_1847512_mini-600x450.jpg 600w, https:\/\/nyumbani.ch\/wp-content\/uploads\/2020\/10\/IMG_20200908_1847512_mini-945x709.jpg 945w, https:\/\/nyumbani.ch\/wp-content\/uploads\/2020\/10\/IMG_20200908_1847512_mini.jpg 1632w\" sizes=\"auto, (max-width: 1024px) 100vw, 1024px\" \/><\/figure><\/li><\/ul><\/figure>\n\n\n\n<hr class=\"wp-block-separator\"\/>\n\n\n\n<figure class=\"wp-block-image size-large\"><img loading=\"lazy\" decoding=\"async\" width=\"1024\" height=\"768\" src=\"https:\/\/nyumbani.ch\/wp-content\/uploads\/2020\/10\/IMG-20200914-WA0035-1024x768.jpg\" alt=\"\" class=\"wp-image-730\" srcset=\"https:\/\/nyumbani.ch\/wp-content\/uploads\/2020\/10\/IMG-20200914-WA0035-1024x768.jpg 1024w, https:\/\/nyumbani.ch\/wp-content\/uploads\/2020\/10\/IMG-20200914-WA0035-300x225.jpg 300w, https:\/\/nyumbani.ch\/wp-content\/uploads\/2020\/10\/IMG-20200914-WA0035-768x576.jpg 768w, https:\/\/nyumbani.ch\/wp-content\/uploads\/2020\/10\/IMG-20200914-WA0035-1536x1152.jpg 1536w, https:\/\/nyumbani.ch\/wp-content\/uploads\/2020\/10\/IMG-20200914-WA0035-600x450.jpg 600w, https:\/\/nyumbani.ch\/wp-content\/uploads\/2020\/10\/IMG-20200914-WA0035-945x709.jpg 945w, https:\/\/nyumbani.ch\/wp-content\/uploads\/2020\/10\/IMG-20200914-WA0035.jpg 1632w\" sizes=\"auto, (max-width: 1024px) 100vw, 1024px\" \/><figcaption>viel Metall in Mojos Knie<\/figcaption><\/figure>\n\n\n\n<p>Die R\u00f6ntgenkontrolle verlief positiv, das abgebrochene St\u00fcck der Tibia war immer noch in derselben Position. Weiter gings nach M\u00fcnsingen zu einer weiteren Runde Physio bei der Tierphysiotherapeutin unseres Vertrauens. Ausger\u00fcstet mit einem neuen Heimprogramm sollte es dann schnurstracks durch den L\u00f6tschberg gehen, um nach einem Stop im L\u00f6tschental den Schwung der Abfahrt ins Rhonetal gerade zur Weiterfahrt nach Frankreich zu nutzen. Soweit der Plan. In der Realit\u00e4t ging dann alles etwas gem\u00e4chlicher vorw\u00e4rts. Der Grund daf\u00fcr war ein <a data-type=\"post\" data-id=\"597\" href=\"https:\/\/nyumbani.ch\/index.php\/2020\/09\/14\/der-geruch-von-diesel\/\">kleiner Zwischenfall mit unserer Heizung.<\/a><\/p>\n\n\n\n<hr class=\"wp-block-separator\"\/>\n\n\n\n<p>Der Sp\u00e4therbst auf der Fafleralp gab Vollgas und da die N\u00e4chte sogar auf \u00fcber 1700 Metern \u00fcber Meer noch warm genug waren, dass es ohne Heizung ging, verschwendeten wir wenig Gedanken an das reparierte Dings. Zwar liessen wir sie zwischendurch mal laufen, f\u00fchrten aber das holprige Anlaufen und die nur lauwarme Luft auf den eher leeren Tank zur\u00fcck und dass wohl noch etwas Luft im System sei. Tanken und das System noch einige Male starten, dann l\u00e4uft sie schon wieder!<\/p>\n\n\n\n<p>Dem war nicht so.<\/p>\n\n\n\n<p>Ok, dann halt zum Fachmann, gleich hier im Wallis. Dieser nette junge Mann widmete sich dem Problem und verk\u00fcndete uns nach einer Stunde, dass die Heizung tiptop funktioniere. Dass er f\u00fcr die ganze Arbeit nur 20.- Fr. wollte (f\u00fcr das verwendete Kleinmaterial) schien uns in diesem Moment \u00e4usserst gener\u00f6s, einen Tag sp\u00e4ter aber hatten wir den Eindruck, dass er sich seiner Sache wohl auch nicht so sicher war.<\/p>\n\n\n\n<p>So fuhren wir nach Frankreich und verbrachten einen tollen Abend am s\u00fcdlichen Ufer des Genfersees mit einem sunset wie in den Ferien! Zum Gl\u00fcck testeten wir auch hier die Heizung erst am Morgen des n\u00e4chsten Tages. Nach dem Test und der m\u00e4ssig erbaulichen Message &#8222;ERROR&#8220; auf dem Display wendeten wir und fuhren denselben Weg zur\u00fcck. <\/p>\n\n\n\n<figure class=\"wp-block-image size-large\"><img loading=\"lazy\" decoding=\"async\" width=\"1024\" height=\"768\" src=\"https:\/\/nyumbani.ch\/wp-content\/uploads\/2020\/10\/IMG-20200921-WA0006-1024x768.jpg\" alt=\"\" class=\"wp-image-727\" srcset=\"https:\/\/nyumbani.ch\/wp-content\/uploads\/2020\/10\/IMG-20200921-WA0006-1024x768.jpg 1024w, https:\/\/nyumbani.ch\/wp-content\/uploads\/2020\/10\/IMG-20200921-WA0006-300x225.jpg 300w, https:\/\/nyumbani.ch\/wp-content\/uploads\/2020\/10\/IMG-20200921-WA0006-768x576.jpg 768w, https:\/\/nyumbani.ch\/wp-content\/uploads\/2020\/10\/IMG-20200921-WA0006-600x450.jpg 600w, https:\/\/nyumbani.ch\/wp-content\/uploads\/2020\/10\/IMG-20200921-WA0006-945x709.jpg 945w, https:\/\/nyumbani.ch\/wp-content\/uploads\/2020\/10\/IMG-20200921-WA0006.jpg 1280w\" sizes=\"auto, (max-width: 1024px) 100vw, 1024px\" \/><figcaption>jaja, die Heizung geht dann schon! &#8222;you dreamer, you!&#8220;<\/figcaption><\/figure>\n\n\n\n<p>Kurz nach der Grenze stop und telefonisches Abklappern der Garagen, welche sich mit dieser Heizung wirklich auskennen. Erst in einigen Tagen erhielten wir einen Termin und so entschlossen wir uns spontan, einen Abstecher nach La Fouly zu machen, einem Ort im Wallis, der schon lange auf unserer Liste stand. Dort trafen wir auf sehr nette Camping-Greenhorns, die zuf\u00e4lligerweise an diesem sch\u00f6nen Fleck ihre ersten Wohnmobilerfahrungen sammelten und die uns irgendwie sehr bekannt vorkamen&#8230;<\/p>\n\n\n\n<figure class=\"wp-block-image alignwide size-large\"><img loading=\"lazy\" decoding=\"async\" width=\"1024\" height=\"682\" src=\"https:\/\/nyumbani.ch\/wp-content\/uploads\/2020\/10\/DSC03276_mini-1024x682.jpg\" alt=\"\" class=\"wp-image-741\" srcset=\"https:\/\/nyumbani.ch\/wp-content\/uploads\/2020\/10\/DSC03276_mini-1024x682.jpg 1024w, https:\/\/nyumbani.ch\/wp-content\/uploads\/2020\/10\/DSC03276_mini-300x200.jpg 300w, https:\/\/nyumbani.ch\/wp-content\/uploads\/2020\/10\/DSC03276_mini-768x512.jpg 768w, https:\/\/nyumbani.ch\/wp-content\/uploads\/2020\/10\/DSC03276_mini-1536x1023.jpg 1536w, https:\/\/nyumbani.ch\/wp-content\/uploads\/2020\/10\/DSC03276_mini-600x400.jpg 600w, https:\/\/nyumbani.ch\/wp-content\/uploads\/2020\/10\/DSC03276_mini-945x630.jpg 945w, https:\/\/nyumbani.ch\/wp-content\/uploads\/2020\/10\/DSC03276_mini.jpg 1732w\" sizes=\"auto, (max-width: 1024px) 100vw, 1024px\" \/><figcaption>La Fouly, Val Ferret, VS<\/figcaption><\/figure>\n\n\n\n<figure class=\"wp-block-image size-large is-style-rounded\"><img loading=\"lazy\" decoding=\"async\" width=\"682\" height=\"1024\" src=\"https:\/\/nyumbani.ch\/wp-content\/uploads\/2020\/10\/DSC03295-2_mini-682x1024.jpg\" alt=\"\" class=\"wp-image-742\" srcset=\"https:\/\/nyumbani.ch\/wp-content\/uploads\/2020\/10\/DSC03295-2_mini-682x1024.jpg 682w, https:\/\/nyumbani.ch\/wp-content\/uploads\/2020\/10\/DSC03295-2_mini-200x300.jpg 200w, https:\/\/nyumbani.ch\/wp-content\/uploads\/2020\/10\/DSC03295-2_mini-768x1153.jpg 768w, https:\/\/nyumbani.ch\/wp-content\/uploads\/2020\/10\/DSC03295-2_mini-1023x1536.jpg 1023w, https:\/\/nyumbani.ch\/wp-content\/uploads\/2020\/10\/DSC03295-2_mini-600x901.jpg 600w, https:\/\/nyumbani.ch\/wp-content\/uploads\/2020\/10\/DSC03295-2_mini-945x1418.jpg 945w, https:\/\/nyumbani.ch\/wp-content\/uploads\/2020\/10\/DSC03295-2_mini.jpg 1154w\" sizes=\"auto, (max-width: 682px) 100vw, 682px\" \/><figcaption>sympathische Neo-Camper im Hintergrund, vorne h\u00e4lt swiss mountain dog &#8222;Mojo&#8220; seinen Mensch vorschriftsgem\u00e4ss an der kurzen Leine<\/figcaption><\/figure>\n\n\n\n<hr class=\"wp-block-separator\"\/>\n\n\n\n<p>Das Problem mit der Heizung war gr\u00f6ber und kostete uns nebst vielen Nerven auch eine sch\u00f6ne Stange Geld. Nach der Reparatur lief sie aber wieder einwandfrei und tut es immer noch (Holz al\u00e4nge!).<\/p>\n\n\n\n<p>Mit einem deutlich besseren Gef\u00fchl fuhren wir zum zweiten Mal los Richtung Frankreich. Auf dem Jaunpass lag schon Schnee und die Wetterprognose war d\u00fcster, so dass es ohne funktionierende Heizung wohl zu einer Grundsatzdiskussion unter der Bordbesatzung gekommen w\u00e4re. <\/p>\n","protected":false},"excerpt":{"rendered":"<p>Nach der Tour durch Tirol und S\u00fcddeutschland kehrten wir wie geplant f\u00fcr die Monatskontrolle von Mojos Knie in die Schweiz zur\u00fcck. Im Norden der Schweiz, genauer im Z\u00fcrcher Weinland, verbrachten wir noch eine Nacht auf dem Hof der Familie Reutimann,&#8230; <a class=\"more-link\" href=\"https:\/\/nyumbani.ch\/index.php\/ch-intermezzo\/\">Weiterlesen &rarr;<\/a><\/p>\n","protected":false},"author":1,"featured_media":0,"parent":0,"menu_order":0,"comment_status":"closed","ping_status":"closed","template":"","meta":{"footnotes":""},"class_list":["post-720","page","type-page","status-publish","hentry"],"_links":{"self":[{"href":"https:\/\/nyumbani.ch\/index.php\/wp-json\/wp\/v2\/pages\/720","targetHints":{"allow":["GET"]}}],"collection":[{"href":"https:\/\/nyumbani.ch\/index.php\/wp-json\/wp\/v2\/pages"}],"about":[{"href":"https:\/\/nyumbani.ch\/index.php\/wp-json\/wp\/v2\/types\/page"}],"author":[{"embeddable":true,"href":"https:\/\/nyumbani.ch\/index.php\/wp-json\/wp\/v2\/users\/1"}],"replies":[{"embeddable":true,"href":"https:\/\/nyumbani.ch\/index.php\/wp-json\/wp\/v2\/comments?post=720"}],"version-history":[{"count":14,"href":"https:\/\/nyumbani.ch\/index.php\/wp-json\/wp\/v2\/pages\/720\/revisions"}],"predecessor-version":[{"id":755,"href":"https:\/\/nyumbani.ch\/index.php\/wp-json\/wp\/v2\/pages\/720\/revisions\/755"}],"wp:attachment":[{"href":"https:\/\/nyumbani.ch\/index.php\/wp-json\/wp\/v2\/media?parent=720"}],"curies":[{"name":"wp","href":"https:\/\/api.w.org\/{rel}","templated":true}]}}